{"id":25306,"date":"2018-07-25T12:53:12","date_gmt":"2018-07-25T11:53:12","guid":{"rendered":"https:\/\/xpressdisplays.com\/producto\/contador-triangular-de-ondas-tex\/"},"modified":"2024-07-30T12:30:28","modified_gmt":"2024-07-30T11:30:28","slug":"contador-triangular-de-ondas-tex","status":"publish","type":"product","link":"https:\/\/xpressdisplays.com\/es\/producto\/contador-triangular-de-ondas-tex\/","title":{"rendered":"Contador triangular de ondas tex"},"content":{"rendered":"<p>Mostrador <strong>Triangular TexWave<\/strong> El marco ligero y resistente, totalmente impreso en tejido Print Tex All 210gr que se desarroll\u00f3 para encajar perfectamente en el marco mediante una tira de silicona, proporcionando un acabado eficaz.<br \/>\nPara dar m\u00e1s versatilidad a tu mostrador promocional, se incluye un estante en su interior, con acceso al interior del mostrador y al estante a trav\u00e9s de un cierre trasero.<br \/>\nAdem\u00e1s de la originalidad de este producto, la calidad de los materiales, as\u00ed como la calidad de impresi\u00f3n, hacen que este producto se utilice en las soluciones m\u00e1s diversas.<br \/>\nIdeal para ferias, eventos y exposiciones, promotores, salones, supermercados, tiendas, puntos de venta, stands, entre otros.<br \/>\nUna de las principales ventajas de los mostradores promocionales es su capacidad para atraer la atenci\u00f3n del p\u00fablico.<br \/>\nSuelen estar pensados para ser llamativos y atractivos, con colores vibrantes y dise\u00f1os creativos.<br \/>\nEsto hace que sean f\u00e1ciles de ver entre la multitud y puede ayudar a atraer a la gente a tu espacio de exposici\u00f3n.<br \/>\nOtra ventaja de los mostradores promocionales es que son vers\u00e1tiles y pueden utilizarse en una gran variedad de eventos y lugares.<br \/>\nSe pueden utilizar en ferias y exposiciones, eventos, tiendas minoristas e incluso en oficinas u otros espacios comerciales.<br \/>\nEsto significa que pueden utilizarse en diversas configuraciones para atraer a distintos tipos de p\u00fablico.         <\/p>\n","protected":false},"excerpt":{"rendered":"<ul>\n<li>Estructura compuesta por base y tablero de madera (MDF), tubos de aluminio;<\/li>\n<li>Tejido Print Tex All de 210 g con banda de silicona de 12 mm;<\/li>\n<li>Bolsa de transporte incluida;<\/li>\n<li>Con estante interior y cierre trasero de cremallera;<\/li>\n<li>F\u00e1cil de transportar, montar y embalar;<\/li>\n<li>Duradero: s\u00f3lo tienes que actualizar la impresi\u00f3n trasera;<\/li>\n<li>F\u00e1cil de trasladar: cabe en el maletero de tu coche;<\/li>\n<li>Uso interno;<\/li>\n<li>Producci\u00f3n propia.<\/li>\n<li>Tiempo de producci\u00f3n entre 5 y 8 d\u00edas laborables.<\/li>\n<\/ul>\n<p><span style=\"vertical-align: inherit;\"><span style=\"vertical-align: inherit;\">[divider line_type=\u00bbno line\u00bb custom_height=\u00bb20&#8243;]<\/span><\/span><\/p>\n<p><span style=\"vertical-align: inherit;\"><span style=\"vertical-align: inherit;\">[button open_new_tab=\"true\" color=\"accent-color\" hover_text_color_override=\"#fff\" size=\"large\" url=\"COLOCAR AQUI O URL DO TEMPLATE que carregou para o separador MEDIA\" text=\"Ver plantilla\" color_override=\"<br \/>\n#8dc73f\"]<\/span><\/span><\/p>\n<p><span style=\"vertical-align: inherit;\">[divider line_type=\u00bbno line\u00bb custom_height=\u00bb20&#8243;]<\/span><\/p>\n","protected":false},"featured_media":2731,"template":"","meta":[],"product_brand":[],"product_cat":[447],"product_tag":[430,449,450],"class_list":{"0":"post-25306","1":"product","2":"type-product","3":"status-publish","4":"has-post-thumbnail","6":"product_cat-contador","7":"product_tag-eventos","8":"product_tag-feria-de-muestras","9":"product_tag-tpv","11":"first","12":"instock","13":"shipping-taxable","14":"product-type-variable"},"_links":{"self":[{"href":"https:\/\/xpressdisplays.com\/es\/wp-json\/wp\/v2\/product\/25306","targetHints":{"allow":["GET"]}}],"collection":[{"href":"https:\/\/xpressdisplays.com\/es\/wp-json\/wp\/v2\/product"}],"about":[{"href":"https:\/\/xpressdisplays.com\/es\/wp-json\/wp\/v2\/types\/product"}],"wp:featuredmedia":[{"embeddable":true,"href":"https:\/\/xpressdisplays.com\/es\/wp-json\/wp\/v2\/media\/2731"}],"wp:attachment":[{"href":"https:\/\/xpressdisplays.com\/es\/wp-json\/wp\/v2\/media?parent=25306"}],"wp:term":[{"taxonomy":"product_brand","embeddable":true,"href":"https:\/\/xpressdisplays.com\/es\/wp-json\/wp\/v2\/product_brand?post=25306"},{"taxonomy":"product_cat","embeddable":true,"href":"https:\/\/xpressdisplays.com\/es\/wp-json\/wp\/v2\/product_cat?post=25306"},{"taxonomy":"product_tag","embeddable":true,"href":"https:\/\/xpressdisplays.com\/es\/wp-json\/wp\/v2\/product_tag?post=25306"}],"curies":[{"name":"wp","href":"https:\/\/api.w.org\/{rel}","templated":true}]}}