{"id":25292,"date":"2023-06-20T08:00:30","date_gmt":"2023-06-20T07:00:30","guid":{"rendered":"https:\/\/xpressdisplays.com\/producto\/arco-tunel-tex-wave\/"},"modified":"2024-07-30T12:30:17","modified_gmt":"2024-07-30T11:30:17","slug":"arco-tunel-tex-wave","status":"publish","type":"product","link":"https:\/\/xpressdisplays.com\/es\/producto\/arco-tunel-tex-wave\/","title":{"rendered":"Arco T\u00fanel Tex Wave"},"content":{"rendered":"<p><strong>Arco T\u00fanel Tex Wave &#8211; \u00a1Para cuando quieras que te vean!<\/strong><strong><em>Es la estructura ideal para identificar el lugar que busca la gente cuando llega a su destino<\/em><\/strong> Una estructura tubular de aluminio compacta y ligera que se adapta a las situaciones m\u00e1s diversas como expositor publicitario.<br \/>\nLa impresi\u00f3n Tex Wave es de excelente calidad, por lo que la visibilidad y percepci\u00f3n de la comunicaci\u00f3n mostrada ser\u00e1 la mejor del mercado.<br \/>\nTe permite personalizar y decorar tus espacios, dinamizando tu comunicaci\u00f3n.<br \/>\nUna gama innovadora de expositores tubulares de tela, con una estructura duradera y resistente, f\u00e1cil de montar y transportar.<br \/>\nLa impresi\u00f3n de la tela tambi\u00e9n es f\u00e1cil de usar, se desliza f\u00e1cilmente sobre el arco y se cierra, creando un acabado superliso y perfecto.<br \/>\nIdeal para eventos al aire libre de gran visibilidad, como paseos por senderos, bienvenidas, puestos de coches al aire libre, carreras y eventos deportivos al aire libre.       <\/p>\n<ul>\n<li>Eventos deportivos<\/li>\n<li>Salida y llegada del marat\u00f3n<\/li>\n<li>Lanza<\/li>\n<li>Eventos inmobiliarios<\/li>\n<li>Escaparate<\/li>\n<\/ul>\n<p>  Se incluye una bolsa de nailon para facilitar su transporte y almacenamiento.<br \/>\nEl sistema de montaje simplificado permite cambiar r\u00e1pidamente la tela de la pantalla tubular.<br \/>\nSi ya tienes la estructura, s\u00f3lo tienes que pedir la tela.<br \/>\nLas telas son lavables.<br \/>\n\u00a1La mejor soluci\u00f3n para destacar y potenciar tu marca!    <\/p>\n","protected":false},"excerpt":{"rendered":"<ul>\n<li>Bastidor tubular de aluminio;<\/li>\n<li>Bolsa de transporte incluida;<\/li>\n<li>F\u00e1cil de montar y transportar;<\/li>\n<li>Uso en exteriores e interiores;<\/li>\n<li>Sirve principalmente como entrada y salida de eventos, escenograf\u00eda o fachada de tienda.<br \/>\nPor su tama\u00f1o llama la atenci\u00f3n, impactando a los que pasan; <\/li>\n<li>Producci\u00f3n propia.<\/li>\n<\/ul>\n<p>  Fecha de producci\u00f3n entre 5 y 8 d\u00edas laborables.  &nbsp;<\/p>\n","protected":false},"featured_media":2780,"template":"","meta":[],"product_brand":[],"product_cat":[479],"product_tag":[514,430],"class_list":{"0":"post-25292","1":"product","2":"type-product","3":"status-publish","4":"has-post-thumbnail","6":"product_cat-formato-especial","7":"product_tag-comunicacion-de-marca","8":"product_tag-eventos","10":"first","11":"instock","12":"shipping-taxable","13":"product-type-variable"},"_links":{"self":[{"href":"https:\/\/xpressdisplays.com\/es\/wp-json\/wp\/v2\/product\/25292","targetHints":{"allow":["GET"]}}],"collection":[{"href":"https:\/\/xpressdisplays.com\/es\/wp-json\/wp\/v2\/product"}],"about":[{"href":"https:\/\/xpressdisplays.com\/es\/wp-json\/wp\/v2\/types\/product"}],"wp:featuredmedia":[{"embeddable":true,"href":"https:\/\/xpressdisplays.com\/es\/wp-json\/wp\/v2\/media\/2780"}],"wp:attachment":[{"href":"https:\/\/xpressdisplays.com\/es\/wp-json\/wp\/v2\/media?parent=25292"}],"wp:term":[{"taxonomy":"product_brand","embeddable":true,"href":"https:\/\/xpressdisplays.com\/es\/wp-json\/wp\/v2\/product_brand?post=25292"},{"taxonomy":"product_cat","embeddable":true,"href":"https:\/\/xpressdisplays.com\/es\/wp-json\/wp\/v2\/product_cat?post=25292"},{"taxonomy":"product_tag","embeddable":true,"href":"https:\/\/xpressdisplays.com\/es\/wp-json\/wp\/v2\/product_tag?post=25292"}],"curies":[{"name":"wp","href":"https:\/\/api.w.org\/{rel}","templated":true}]}}