{"id":25289,"date":"2020-01-20T08:00:30","date_gmt":"2020-01-20T08:00:30","guid":{"rendered":"https:\/\/xpressdisplays.com\/producto\/panel-recto-multimedia-tex-wave\/"},"modified":"2024-07-30T12:30:15","modified_gmt":"2024-07-30T11:30:15","slug":"panel-recto-multimedia-tex-wave","status":"publish","type":"product","link":"https:\/\/xpressdisplays.com\/es\/producto\/panel-recto-multimedia-tex-wave\/","title":{"rendered":"Panel recto multimedia Tex Wave"},"content":{"rendered":"<p>&nbsp;  El Panel Recto Multimedia Tex Wave a es un sistema innovador que te permite comunicar tus productos y\/o servicios de forma din\u00e1mica y exclusiva.<br \/>\nPuedes utilizar el Panel Recto Multimedia Tex Wave en ferias, stands, tiendas, puntos de venta, quioscos, gimnasios, congresos y cualquier otro tipo de evento.<br \/>\nSu estructura tubular de aluminio hace que este soporte publicitario sea muy f\u00e1cil de montar y transportar.<br \/>\nPara este soporte debes utilizar una TV de hasta 40 pulgadas &#8211; TV NO INCLUIDA.<br \/>\nTu Roll Up\/Banner puede ser sustituido por esta soluci\u00f3n, para aquellos que necesiten transportar su stand de forma r\u00e1pida y pr\u00e1ctica.<br \/>\nProducci\u00f3n interna.       &nbsp;<\/p>\n<p>&nbsp;<\/p>\n<p>&nbsp;<\/p>\n<p>&nbsp;<\/p>\n","protected":false},"excerpt":{"rendered":"<ul>\n<li>Estructura tubular de aluminio con bases de apoyo;<\/li>\n<li>Disponible en 250 cm de alto y 100 cm de ancho;<\/li>\n<li>Con aplicaci\u00f3n de soporte para LCD de hasta 40\u2033;<\/li>\n<li>Con una aplicaci\u00f3n avanzada que incluye una parte superior de Dibond de 3 mm con puntos de velcro;<\/li>\n<li>Impreso en tejido Tex All 210gr por sublimaci\u00f3n, espalda en tejido el\u00e1stico negro con cremallera;<\/li>\n<li>Bolsa de transporte incluida; F\u00e1cil de montar, transportar y almacenar;<\/li>\n<li>Uso en interiores;<\/li>\n<li>Certificaci\u00f3n ign\u00edfuga FR &#8211; B1;<\/li>\n<li>Tiempo medio de producci\u00f3n 5 d\u00edas laborables.<\/li>\n<\/ul>\n<p>&nbsp;<\/p>\n","protected":false},"featured_media":2719,"template":"","meta":[],"product_brand":[],"product_cat":[452],"product_tag":[],"class_list":{"0":"post-25289","1":"product","2":"type-product","3":"status-publish","4":"has-post-thumbnail","6":"product_cat-panel-totem-es","8":"first","9":"instock","10":"shipping-taxable","11":"product-type-variable"},"_links":{"self":[{"href":"https:\/\/xpressdisplays.com\/es\/wp-json\/wp\/v2\/product\/25289","targetHints":{"allow":["GET"]}}],"collection":[{"href":"https:\/\/xpressdisplays.com\/es\/wp-json\/wp\/v2\/product"}],"about":[{"href":"https:\/\/xpressdisplays.com\/es\/wp-json\/wp\/v2\/types\/product"}],"wp:featuredmedia":[{"embeddable":true,"href":"https:\/\/xpressdisplays.com\/es\/wp-json\/wp\/v2\/media\/2719"}],"wp:attachment":[{"href":"https:\/\/xpressdisplays.com\/es\/wp-json\/wp\/v2\/media?parent=25289"}],"wp:term":[{"taxonomy":"product_brand","embeddable":true,"href":"https:\/\/xpressdisplays.com\/es\/wp-json\/wp\/v2\/product_brand?post=25289"},{"taxonomy":"product_cat","embeddable":true,"href":"https:\/\/xpressdisplays.com\/es\/wp-json\/wp\/v2\/product_cat?post=25289"},{"taxonomy":"product_tag","embeddable":true,"href":"https:\/\/xpressdisplays.com\/es\/wp-json\/wp\/v2\/product_tag?post=25289"}],"curies":[{"name":"wp","href":"https:\/\/api.w.org\/{rel}","templated":true}]}}