{"id":25266,"date":"2018-07-26T15:57:52","date_gmt":"2018-07-26T14:57:52","guid":{"rendered":"https:\/\/xpressdisplays.com\/producto\/totem-angular-tex-wave\/"},"modified":"2024-07-30T12:30:09","modified_gmt":"2024-07-30T11:30:09","slug":"totem-angular-tex-wave","status":"publish","type":"product","link":"https:\/\/xpressdisplays.com\/es\/producto\/totem-angular-tex-wave\/","title":{"rendered":"T\u00f3tem angular Tex Wave"},"content":{"rendered":"<h6>\u00a1Comunica m\u00e1s tu marca!<\/h6>\n<p><strong>El T\u00f3tem Angular Tex Wave<\/strong> es una herramienta de comunicaci\u00f3n ligera y autoportante, f\u00e1cil de usar, transportar y almacenar. Puedes cambiar tus huellas siempre que lo necesites. Tu Roll Up\/Banner puede ser sustituido por esta soluci\u00f3n, para quienes necesitan transportar su stand de forma r\u00e1pida y pr\u00e1ctica. El sistema de montaje simplificado permite sustituir r\u00e1pidamente la pantalla en el expositor tubular. Si ya tienes la estructura, puedes encargar simplemente la tela. Los tejidos son lavables.<\/p>\n","protected":false},"excerpt":{"rendered":"<ul>\n<li>Estructura tubular de aluminio;<\/li>\n<li>Disponible en una altura de 180 cm y 2 tama\u00f1os de anchura: 50cm \/ 75cm;<\/li>\n<li>Impresi\u00f3n por sublimaci\u00f3n sobre tejido el\u00e1stico de 180 g, espalda de tejido el\u00e1stico negro con aplicaci\u00f3n de cremallera;<\/li>\n<li>Bolsa de transporte incluida;<\/li>\n<li>F\u00e1cil de transportar, montar y embalar;<\/li>\n<li>Uso en interiores.<\/li>\n<\/ul>\n<p>  Tiempo medio de producci\u00f3n de 5 d\u00edas laborables.<\/p>\n","protected":false},"featured_media":2735,"template":"","meta":[],"product_brand":[],"product_cat":[452],"product_tag":[455,430,431,453,435,454,432,433,434,436,437,444,440,441],"class_list":{"0":"post-25266","1":"product","2":"type-product","3":"status-publish","4":"has-post-thumbnail","6":"product_cat-panel-totem-es","7":"product_tag-congreso","8":"product_tag-eventos","9":"product_tag-eventos-publicitarios","10":"product_tag-exclusivo","11":"product_tag-expositores-de-marketing","12":"product_tag-fabricado-en-portugal","13":"product_tag-facil-de-montar","14":"product_tag-ferias","15":"product_tag-ligero","16":"product_tag-premium-es","17":"product_tag-publicidad","18":"product_tag-punto-de-venta","19":"product_tag-reutilizable","20":"product_tag-tejido","22":"first","23":"instock","24":"shipping-taxable","25":"product-type-variable"},"_links":{"self":[{"href":"https:\/\/xpressdisplays.com\/es\/wp-json\/wp\/v2\/product\/25266","targetHints":{"allow":["GET"]}}],"collection":[{"href":"https:\/\/xpressdisplays.com\/es\/wp-json\/wp\/v2\/product"}],"about":[{"href":"https:\/\/xpressdisplays.com\/es\/wp-json\/wp\/v2\/types\/product"}],"wp:featuredmedia":[{"embeddable":true,"href":"https:\/\/xpressdisplays.com\/es\/wp-json\/wp\/v2\/media\/2735"}],"wp:attachment":[{"href":"https:\/\/xpressdisplays.com\/es\/wp-json\/wp\/v2\/media?parent=25266"}],"wp:term":[{"taxonomy":"product_brand","embeddable":true,"href":"https:\/\/xpressdisplays.com\/es\/wp-json\/wp\/v2\/product_brand?post=25266"},{"taxonomy":"product_cat","embeddable":true,"href":"https:\/\/xpressdisplays.com\/es\/wp-json\/wp\/v2\/product_cat?post=25266"},{"taxonomy":"product_tag","embeddable":true,"href":"https:\/\/xpressdisplays.com\/es\/wp-json\/wp\/v2\/product_tag?post=25266"}],"curies":[{"name":"wp","href":"https:\/\/api.w.org\/{rel}","templated":true}]}}