{"id":25265,"date":"2023-06-04T15:56:06","date_gmt":"2023-06-04T14:56:06","guid":{"rendered":"https:\/\/xpressdisplays.com\/producto\/contador-led-rectangular-tex-wave\/"},"modified":"2024-07-30T12:30:08","modified_gmt":"2024-07-30T11:30:08","slug":"contador-led-rectangular-tex-wave","status":"publish","type":"product","link":"https:\/\/xpressdisplays.com\/es\/producto\/contador-led-rectangular-tex-wave\/","title":{"rendered":"Contador LED Rectangular Tex Wave"},"content":{"rendered":"<p><strong>Personaliza tu<\/strong> Mostrador Led Rectangular TexWave El Mostrador Led Rectangular TexWave es adecuado para la promoci\u00f3n de tus productos o servicios.<br \/>\nLa estructura es ligera y resistente, totalmente impresa en tela Backlight de 220 g dise\u00f1ada para encajar perfectamente en la estructura.<br \/>\nOriginal mostrador promocional con materiales de alta calidad.<br \/>\nLa calidad de impresi\u00f3n hace que este mostrador pueda utilizarse en las soluciones m\u00e1s diversas.<br \/>\nEs un Mostrador Promocional port\u00e1til, f\u00e1cil y r\u00e1pido de montar.<br \/>\nIncluye bolsa de transporte.       &nbsp;<\/p>\n<p>&nbsp;<\/p>\n","protected":false},"excerpt":{"rendered":"<ul>\n<li>Estructura compuesta por base y tablero de madera (MDF), tubos de aluminio;<\/li>\n<li>Impreso en tejido Backlight de 220 g con banda de silicona de 12 mm;<\/li>\n<li>Aplicaci\u00f3n de la tela con la tira de silicona en la ranura de la base y la parte superior;<\/li>\n<li>Led incluido en la base con transformador;<\/li>\n<li>Bolsa de transporte incluida;<\/li>\n<li>F\u00e1cil de transportar, montar y almacenar;<\/li>\n<li>No se necesitan herramientas;<\/li>\n<li>Duradero: actualiza la impresi\u00f3n del contador;<\/li>\n<li>F\u00e1cil de transportar: cabe en el maletero del coche;<\/li>\n<li>Uso en interiores.<\/li>\n<li>Producci\u00f3n propia.<\/li>\n<li>Tiempo de producci\u00f3n entre 5 y 8 d\u00edas laborables.<\/li>\n<\/ul>\n<p>[divider line_type=\u00bbno-line\u00bb custom_height=\u00bb20&#8243;]<\/p>\n[button open_new_tab=\"true\" color=\"accent-color\" hover_text_color_override=\"#fff\" size=\"large\" url=\"https:\/\/xpressdisplays.com\/wp-content\/uploads\/2023\/06\/ENPromoTex-Wave_Counter_Rectangular_costura-atras_2310x1150.pdf\" text=\"Ver plantilla\" color_override=\"#8dc73f\"]\n<p>[divider line_type=\u00bbno-line\u00bb custom_height=\u00bb20&#8243;]<\/p>\n","protected":false},"featured_media":20318,"template":"","meta":[],"product_brand":[],"product_cat":[447],"product_tag":[498,430,435,433,496,497,495,444,494,461],"class_list":{"0":"post-25265","1":"product","2":"type-product","3":"status-publish","4":"has-post-thumbnail","6":"product_cat-contador","7":"product_tag-catering-es","8":"product_tag-eventos","9":"product_tag-expositores-de-marketing","10":"product_tag-ferias","11":"product_tag-mostrador-de-proteccion-promocional","12":"product_tag-mostrador-de-publicidad","13":"product_tag-mostrador-promocional","14":"product_tag-punto-de-venta","15":"product_tag-soportes-modulares","16":"product_tag-stands-de-exposicion","18":"first","19":"instock","20":"shipping-taxable","21":"product-type-variable"},"_links":{"self":[{"href":"https:\/\/xpressdisplays.com\/es\/wp-json\/wp\/v2\/product\/25265","targetHints":{"allow":["GET"]}}],"collection":[{"href":"https:\/\/xpressdisplays.com\/es\/wp-json\/wp\/v2\/product"}],"about":[{"href":"https:\/\/xpressdisplays.com\/es\/wp-json\/wp\/v2\/types\/product"}],"wp:featuredmedia":[{"embeddable":true,"href":"https:\/\/xpressdisplays.com\/es\/wp-json\/wp\/v2\/media\/20318"}],"wp:attachment":[{"href":"https:\/\/xpressdisplays.com\/es\/wp-json\/wp\/v2\/media?parent=25265"}],"wp:term":[{"taxonomy":"product_brand","embeddable":true,"href":"https:\/\/xpressdisplays.com\/es\/wp-json\/wp\/v2\/product_brand?post=25265"},{"taxonomy":"product_cat","embeddable":true,"href":"https:\/\/xpressdisplays.com\/es\/wp-json\/wp\/v2\/product_cat?post=25265"},{"taxonomy":"product_tag","embeddable":true,"href":"https:\/\/xpressdisplays.com\/es\/wp-json\/wp\/v2\/product_tag?post=25265"}],"curies":[{"name":"wp","href":"https:\/\/api.w.org\/{rel}","templated":true}]}}