{"id":25259,"date":"2019-10-26T15:36:54","date_gmt":"2019-10-26T14:36:54","guid":{"rendered":"https:\/\/xpressdisplays.com\/producto\/portico-tex-wave\/"},"modified":"2024-07-30T12:30:05","modified_gmt":"2024-07-30T11:30:05","slug":"portico-tex-wave","status":"publish","type":"product","link":"https:\/\/xpressdisplays.com\/es\/producto\/portico-tex-wave\/","title":{"rendered":"P\u00f3rtico Tex Wave"},"content":{"rendered":"<p><strong>El p\u00f3rtico es la estructura ideal para identificar el lugar que busca la gente cuando llega a su destino.<\/strong>  En lo que respecta a la comunicaci\u00f3n visual, se puede fabricar un p\u00f3rtico para caracterizar la fachada de un punto comercial con la intenci\u00f3n de atraer la mirada y la atenci\u00f3n de quienes se encuentren cerca.<br \/>\nSi quieres un expositor impactante, ligero y f\u00e1cil de montar al mismo tiempo, \u00a1este expositor exterior es el m\u00e1s adecuado!<br \/>\nCon una altura de 2,7 mt de alto x 4,00 mt de ancho x 0,5 mt de profundidad.<br \/>\nEste arco atraer\u00e1 sin duda la atenci\u00f3n de la gente de los alrededores.<br \/>\nAdem\u00e1s, este expositor de exterior es muy f\u00e1cil de usar.<br \/>\nEl marco est\u00e1 hecho de un material de aluminio ligero y resistente.<br \/>\nEl marco utiliza una tecnolog\u00eda de encaje supersencilla que facilita el montaje incluso a una sola persona.<br \/>\nTe permite personalizar y decorar tus espacios, haciendo que tu comunicaci\u00f3n sea m\u00e1s din\u00e1mica.<br \/>\nUna innovadora gama de expositores de tela tubular, con una estructura duradera y resistente, f\u00e1cil de montar y transportar.<br \/>\nIdeal para eventos al aire libre de gran visibilidad, como recorridos, bienvenidas, casetas para coches al aire libre, carreras y eventos deportivos al aire libre.           <\/p>\n<ul>\n<li>Eventos deportivos<\/li>\n<li>Salida y llegada del marat\u00f3n<\/li>\n<li>Lanza<\/li>\n<li>Eventos inmobiliarios<\/li>\n<li>Escaparate<\/li>\n<\/ul>\n<p>  El Kit de seguridad para exteriores consta de 4 accesorios con cable esp\u00eda.<br \/>\nNo se incluyen. <\/p>\n","protected":false},"excerpt":{"rendered":"<ul>\n<li>Estructura tubular de aluminio;<\/li>\n<li>Dimensiones: AnxAlxPr 4mtx2,7mtx 0,5mt;<\/li>\n<li>Impresi\u00f3n por sublimaci\u00f3n sobre tejido Print Tex All 210gr de doble cara;<\/li>\n<li>4 bases incluidas;<\/li>\n<li>Bolsa de transporte incluida;<\/li>\n<li>F\u00e1cil de montar y transportar;<\/li>\n<li>Uso en exteriores e interiores;<\/li>\n<li>Kit de seguridad exterior no incluido;<\/li>\n<li>Se utiliza principalmente como entrada y salida de eventos, tel\u00f3n de fondo de escenarios o fachada de tiendas.<br \/>\nSu tama\u00f1o llama la atenci\u00f3n e impacta a los transe\u00fantes; <\/li>\n<li>Producci\u00f3n propia;<\/li>\n<li>Fecha de producci\u00f3n entre 5 y 8 d\u00edas laborables.<\/li>\n<\/ul>\n","protected":false},"featured_media":18565,"template":"","meta":[],"product_brand":[],"product_cat":[479],"product_tag":[505],"class_list":{"0":"post-25259","1":"product","2":"type-product","3":"status-publish","4":"has-post-thumbnail","6":"product_cat-formato-especial","7":"product_tag-exterior","9":"first","10":"instock","11":"shipping-taxable","12":"product-type-variable"},"_links":{"self":[{"href":"https:\/\/xpressdisplays.com\/es\/wp-json\/wp\/v2\/product\/25259","targetHints":{"allow":["GET"]}}],"collection":[{"href":"https:\/\/xpressdisplays.com\/es\/wp-json\/wp\/v2\/product"}],"about":[{"href":"https:\/\/xpressdisplays.com\/es\/wp-json\/wp\/v2\/types\/product"}],"wp:featuredmedia":[{"embeddable":true,"href":"https:\/\/xpressdisplays.com\/es\/wp-json\/wp\/v2\/media\/18565"}],"wp:attachment":[{"href":"https:\/\/xpressdisplays.com\/es\/wp-json\/wp\/v2\/media?parent=25259"}],"wp:term":[{"taxonomy":"product_brand","embeddable":true,"href":"https:\/\/xpressdisplays.com\/es\/wp-json\/wp\/v2\/product_brand?post=25259"},{"taxonomy":"product_cat","embeddable":true,"href":"https:\/\/xpressdisplays.com\/es\/wp-json\/wp\/v2\/product_cat?post=25259"},{"taxonomy":"product_tag","embeddable":true,"href":"https:\/\/xpressdisplays.com\/es\/wp-json\/wp\/v2\/product_tag?post=25259"}],"curies":[{"name":"wp","href":"https:\/\/api.w.org\/{rel}","templated":true}]}}