{"id":25256,"date":"2023-05-22T14:21:42","date_gmt":"2023-05-22T13:21:42","guid":{"rendered":"https:\/\/xpressdisplays.com\/producto\/totem-de-mesa-angular-tex-wave\/"},"modified":"2024-07-30T12:29:52","modified_gmt":"2024-07-30T11:29:52","slug":"totem-de-mesa-angular-tex-wave","status":"publish","type":"product","link":"https:\/\/xpressdisplays.com\/es\/producto\/totem-de-mesa-angular-tex-wave\/","title":{"rendered":"T\u00f3tem de mesa angular Tex Wave"},"content":{"rendered":"<p>Mesa T\u00f3tem <strong>Tex Wave &#8211; Maximiza tu comunicaci\u00f3n con<\/strong> calidad La Mesa T\u00f3tem Tex Wave es un expositor exclusivo, que hace que tu comunicaci\u00f3n sea \u00fanica y vers\u00e1til.<br \/>\nPuedes utilizarla como un peque\u00f1o mostrador con la posibilidad de colocar tus herramientas de trabajo y comunicaci\u00f3n, como un ordenador port\u00e1til, folletos, cat\u00e1logos, etc.<br \/>\nIdeal para tiendas, centros comerciales, ferias, congresos, puntos de venta, quioscos, entre otros.  <\/p>\n","protected":false},"excerpt":{"rendered":"<ul>\n<li>Estructura tubular de aluminio;<\/li>\n<li>Disponible en 180 cm de alto y 50 cm de ancho;<\/li>\n<li>Con aplicaci\u00f3n avanzada, incluida la parte superior de Dibond de 3 mm con puntos de velcro;<\/li>\n<li>Impreso en tejido de poli\u00e9ster de 180gr por sublimaci\u00f3n, espalda en tejido el\u00e1stico negro con cremallera;<\/li>\n<li>Bolsa de transporte incluida;<\/li>\n<li>F\u00e1cil de montar, transportar y almacenar;<\/li>\n<li>Uso interno;<\/li>\n<li>Tiempo medio de producci\u00f3n 5 d\u00edas laborables.<\/li>\n<\/ul>\n","protected":false},"featured_media":2739,"template":"","meta":[],"product_brand":[],"product_cat":[452],"product_tag":[],"class_list":{"0":"post-25256","1":"product","2":"type-product","3":"status-publish","4":"has-post-thumbnail","6":"product_cat-panel-totem-es","8":"first","9":"instock","10":"shipping-taxable","11":"product-type-variable"},"_links":{"self":[{"href":"https:\/\/xpressdisplays.com\/es\/wp-json\/wp\/v2\/product\/25256","targetHints":{"allow":["GET"]}}],"collection":[{"href":"https:\/\/xpressdisplays.com\/es\/wp-json\/wp\/v2\/product"}],"about":[{"href":"https:\/\/xpressdisplays.com\/es\/wp-json\/wp\/v2\/types\/product"}],"wp:featuredmedia":[{"embeddable":true,"href":"https:\/\/xpressdisplays.com\/es\/wp-json\/wp\/v2\/media\/2739"}],"wp:attachment":[{"href":"https:\/\/xpressdisplays.com\/es\/wp-json\/wp\/v2\/media?parent=25256"}],"wp:term":[{"taxonomy":"product_brand","embeddable":true,"href":"https:\/\/xpressdisplays.com\/es\/wp-json\/wp\/v2\/product_brand?post=25256"},{"taxonomy":"product_cat","embeddable":true,"href":"https:\/\/xpressdisplays.com\/es\/wp-json\/wp\/v2\/product_cat?post=25256"},{"taxonomy":"product_tag","embeddable":true,"href":"https:\/\/xpressdisplays.com\/es\/wp-json\/wp\/v2\/product_tag?post=25256"}],"curies":[{"name":"wp","href":"https:\/\/api.w.org\/{rel}","templated":true}]}}