{"id":25250,"date":"2023-05-22T20:22:21","date_gmt":"2023-05-22T19:22:21","guid":{"rendered":"https:\/\/xpressdisplays.com\/producto\/totem-portafolletos-tex-wave\/"},"modified":"2024-07-30T12:29:50","modified_gmt":"2024-07-30T11:29:50","slug":"totem-portafolletos-tex-wave","status":"publish","type":"product","link":"https:\/\/xpressdisplays.com\/es\/producto\/totem-portafolletos-tex-wave\/","title":{"rendered":"Totem Portafolletos Tex Wave"},"content":{"rendered":"<p><strong><span style=\"vertical-align: inherit;\"><span style=\"vertical-align: inherit;\">El Porta Literatura Tex Wave Totem es un expositor de comunicaci\u00f3n constituido por una estructura de aluminio con impresi\u00f3n en sublimaci\u00f3n t\u00eaxtil, por lo que el cambio de impresi\u00f3n es f\u00e1cil y r\u00e1pido.<\/span><\/span><\/strong><\/p>\n<p><span style=\"vertical-align: inherit;\"><span style=\"vertical-align: inherit;\">Puedes utilizar el Porta Literatura Tex Wave Totem en ferias, salones, congresos, fiestas y cualquier otro tipo de evento.<\/span><\/span><\/p>\n<p><span style=\"vertical-align: inherit;\"><span style=\"vertical-align: inherit;\">El sistema simplificado de montaje permite sustituir r\u00e1pidamente la tela en el expositor tubular.  <\/span><span style=\"vertical-align: inherit;\">Si ya tienes la moldura, basta con que enciendas el tecido.  <\/span><span style=\"vertical-align: inherit;\">Los tejidos son lavables.<\/span><\/span><\/p>\n","protected":false},"excerpt":{"rendered":"<ul>\n<li>Disponible en 180 cm de alto y 50 cm de ancho;<\/li>\n<li>2 bolsillos de PVC para folletos;<\/li>\n<li>Impreso en tejido de poli\u00e9ster de 180gr por sublimaci\u00f3n, parte trasera en tejido el\u00e1stico negro y cierre de cremallera;<\/li>\n<li>Bolsa de transporte incluida;<\/li>\n<li>F\u00e1cil de montar, transportar y almacenar;<\/li>\n<li>Para uso en interiores;<\/li>\n<li>Tiempo medio de producci\u00f3n 5 d\u00edas laborables.<\/li>\n<\/ul>\n","protected":false},"featured_media":19759,"template":"","meta":[],"product_brand":[],"product_cat":[452],"product_tag":[438,439,491,430,431,453,435,454,490,433,434,489,436,488,437,444,440,460,441,442,492],"class_list":{"0":"post-25250","1":"product","2":"type-product","3":"status-publish","4":"has-post-thumbnail","6":"product_cat-panel-totem-es","7":"product_tag-comunicacion-interior","8":"product_tag-congresos","9":"product_tag-escaparates","10":"product_tag-eventos","11":"product_tag-eventos-publicitarios","12":"product_tag-exclusivo","13":"product_tag-expositores-de-marketing","14":"product_tag-fabricado-en-portugal","15":"product_tag-facil-de-montar-es","16":"product_tag-ferias","17":"product_tag-ligero","18":"product_tag-pantalla","19":"product_tag-premium-es","20":"product_tag-presentaciones","21":"product_tag-publicidad","22":"product_tag-punto-de-venta","23":"product_tag-reutilizable","24":"product_tag-senalizacion-digital","25":"product_tag-tejido","26":"product_tag-textil","27":"product_tag-textiles-es","29":"first","30":"instock","31":"shipping-taxable","32":"product-type-variable"},"_links":{"self":[{"href":"https:\/\/xpressdisplays.com\/es\/wp-json\/wp\/v2\/product\/25250","targetHints":{"allow":["GET"]}}],"collection":[{"href":"https:\/\/xpressdisplays.com\/es\/wp-json\/wp\/v2\/product"}],"about":[{"href":"https:\/\/xpressdisplays.com\/es\/wp-json\/wp\/v2\/types\/product"}],"wp:featuredmedia":[{"embeddable":true,"href":"https:\/\/xpressdisplays.com\/es\/wp-json\/wp\/v2\/media\/19759"}],"wp:attachment":[{"href":"https:\/\/xpressdisplays.com\/es\/wp-json\/wp\/v2\/media?parent=25250"}],"wp:term":[{"taxonomy":"product_brand","embeddable":true,"href":"https:\/\/xpressdisplays.com\/es\/wp-json\/wp\/v2\/product_brand?post=25250"},{"taxonomy":"product_cat","embeddable":true,"href":"https:\/\/xpressdisplays.com\/es\/wp-json\/wp\/v2\/product_cat?post=25250"},{"taxonomy":"product_tag","embeddable":true,"href":"https:\/\/xpressdisplays.com\/es\/wp-json\/wp\/v2\/product_tag?post=25250"}],"curies":[{"name":"wp","href":"https:\/\/api.w.org\/{rel}","templated":true}]}}