{"id":25247,"date":"2022-11-30T17:15:44","date_gmt":"2022-11-30T17:15:44","guid":{"rendered":"https:\/\/xpressdisplays.com\/producto\/marco-tex-wave\/"},"modified":"2024-07-30T12:29:49","modified_gmt":"2024-07-30T11:29:49","slug":"marco-tex-wave","status":"publish","type":"product","link":"https:\/\/xpressdisplays.com\/es\/producto\/marco-tex-wave\/","title":{"rendered":"Marco Tex Wave"},"content":{"rendered":"<h4>Marco Tex Wave<\/h4>\n<p>  Este producto montado en la pared consiste en una estructura base de aluminio, con impresi\u00f3n textil Frametex (o lona para aplicaciones en exteriores).<br \/>\nEstructura de tejido tensado sobre un perfil de aluminio anodizado (plata) que ofrece la soluci\u00f3n perfecta para tensar gr\u00e1ficos textiles para proyectos de exposici\u00f3n.<br \/>\nSe compone de perfiles de aluminio.<br \/>\nSe fija a la pared para su uso en soluciones como r\u00f3tulos, marcos, expositores, vitrinas y paredes.<br \/>\nSu fabricaci\u00f3n es extremadamente sencilla.<br \/>\nLas impresiones se aplican con una cinta de silicona\/PVC para facilitar su colocaci\u00f3n y sustituci\u00f3n.     <\/p>\n","protected":false},"excerpt":{"rendered":"<ul>\n<li>Marco compuesto por perfil de aluminio de 16 mm;<\/li>\n<li>Marco ultrafino de aspecto elegante;<\/li>\n<li>Estructura con aplicaci\u00f3n de tejido en tensi\u00f3n;<\/li>\n<li>Tejido estampado con silicona alrededor para fijarlo al bastidor;<\/li>\n<li>F\u00e1cil montaje;<\/li>\n<li>Cambio r\u00e1pido de imagen;<\/li>\n<li>Soluci\u00f3n reciclable;<\/li>\n<li>Color disponible: Gris anodizado.<\/li>\n<\/ul>\n<p>&nbsp;<\/p>\n<p><strong>Tiempo medio de producci\u00f3n 5 d\u00edas laborables.<\/strong><\/p>\n<p>[divider line_type=\u00bbno-line\u00bb custom_height=\u00bb20&#8243;]<\/p>\n[button open_new_tab=\"true\" color=\"accent-color\" hover_text_color_override=\"#fff\" size=\"large\" url=\"COLOCAR AQUI O URL DO TEMPLATE que carregou para o separador MEDIA\" text=\"Ver plantilla\" color_override=\"#8dc73f\"]\n<p>[divider line_type=\u00bbno-line\u00bb custom_height=\u00bb20&#8243;]<\/p>\n","protected":false},"featured_media":19395,"template":"","meta":[],"product_brand":[],"product_cat":[429],"product_tag":[430,500],"class_list":{"0":"post-25247","1":"product","2":"type-product","3":"status-publish","4":"has-post-thumbnail","6":"product_cat-paredes","7":"product_tag-eventos","8":"product_tag-stands-es","10":"first","11":"instock","12":"shipping-taxable","13":"product-type-variable"},"_links":{"self":[{"href":"https:\/\/xpressdisplays.com\/es\/wp-json\/wp\/v2\/product\/25247","targetHints":{"allow":["GET"]}}],"collection":[{"href":"https:\/\/xpressdisplays.com\/es\/wp-json\/wp\/v2\/product"}],"about":[{"href":"https:\/\/xpressdisplays.com\/es\/wp-json\/wp\/v2\/types\/product"}],"wp:featuredmedia":[{"embeddable":true,"href":"https:\/\/xpressdisplays.com\/es\/wp-json\/wp\/v2\/media\/19395"}],"wp:attachment":[{"href":"https:\/\/xpressdisplays.com\/es\/wp-json\/wp\/v2\/media?parent=25247"}],"wp:term":[{"taxonomy":"product_brand","embeddable":true,"href":"https:\/\/xpressdisplays.com\/es\/wp-json\/wp\/v2\/product_brand?post=25247"},{"taxonomy":"product_cat","embeddable":true,"href":"https:\/\/xpressdisplays.com\/es\/wp-json\/wp\/v2\/product_cat?post=25247"},{"taxonomy":"product_tag","embeddable":true,"href":"https:\/\/xpressdisplays.com\/es\/wp-json\/wp\/v2\/product_tag?post=25247"}],"curies":[{"name":"wp","href":"https:\/\/api.w.org\/{rel}","templated":true}]}}