{"id":25240,"date":"2023-05-23T10:09:29","date_gmt":"2023-05-23T09:09:29","guid":{"rendered":"https:\/\/xpressdisplays.com\/producto\/panel-recto-tex-wave-3d\/"},"modified":"2024-07-30T12:29:48","modified_gmt":"2024-07-30T11:29:48","slug":"panel-recto-tex-wave-3d","status":"publish","type":"product","link":"https:\/\/xpressdisplays.com\/es\/producto\/panel-recto-tex-wave-3d\/","title":{"rendered":"Panel recto Tex Wave 3D"},"content":{"rendered":"<p><strong>Panel Recto Tex Wave 3D &#8211; \u00a1Elige la pantalla publicitaria que mejor se adapte a Ti!<\/strong>  Panel Recto Tex Wave 3D &#8211; Aumenta el impacto de tu marca con un expositor tridimensional (tiene unos 35 cm de profundidad), para potenciar tu marca.<br \/>\nUna estructura de la nueva l\u00ednea Tex Wave 3D.<br \/>\nSe trata de un soporte publicitario compuesto por una estructura tubular de aluminio con impresi\u00f3n textil de excelente calidad, con la posibilidad de imprimir por ambas caras.<br \/>\nEste soporte publicitario combina los \u00faltimos avances en tecnolog\u00eda de impresi\u00f3n textil con estructuras tubulares de aluminio para a\u00f1adir dimensi\u00f3n, decoraci\u00f3n y belleza a cualquier evento, montaje, stand de feria o espacio interior.<br \/>\nIdeal para congresos, stands, conferencias, centros comerciales, puntos de venta, eventos deportivos, eventos publicitarios, stands de ferias, etc.    <\/p>\n","protected":false},"excerpt":{"rendered":"<ul>\n<li>Estructura tubular de aluminio;<\/li>\n<li>Impresi\u00f3n en tejido frametex 210gr por sublimaci\u00f3n, doble cara opcional, espalda y laterales en tejido el\u00e1stico negro, con cierre de cremallera;<\/li>\n<li>Bolsa de transporte incluida;<\/li>\n<li>F\u00e1cil de montar, transportar y almacenar;<\/li>\n<li>Posibilidad de colocar un foco;<\/li>\n<li>Uso en interiores;<\/li>\n<li>Certificaci\u00f3n ign\u00edfuga FR &#8211; B1;<\/li>\n<\/ul>\n<p>  Tiempo de producci\u00f3n entre 3 y 5 d\u00edas laborables.<\/p>\n","protected":false},"featured_media":20059,"template":"","meta":[],"product_brand":[],"product_cat":[452],"product_tag":[438,443,430,431,435,454,490,433,436,440,494,500,441],"class_list":{"0":"post-25240","1":"product","2":"type-product","3":"status-publish","4":"has-post-thumbnail","6":"product_cat-panel-totem-es","7":"product_tag-comunicacion-interior","8":"product_tag-doble-cara","9":"product_tag-eventos","10":"product_tag-eventos-publicitarios","11":"product_tag-expositores-de-marketing","12":"product_tag-fabricado-en-portugal","13":"product_tag-facil-de-montar-es","14":"product_tag-ferias","15":"product_tag-premium-es","16":"product_tag-reutilizable","17":"product_tag-soportes-modulares","18":"product_tag-stands-es","19":"product_tag-tejido","21":"first","22":"instock","23":"shipping-taxable","24":"product-type-variable"},"_links":{"self":[{"href":"https:\/\/xpressdisplays.com\/es\/wp-json\/wp\/v2\/product\/25240","targetHints":{"allow":["GET"]}}],"collection":[{"href":"https:\/\/xpressdisplays.com\/es\/wp-json\/wp\/v2\/product"}],"about":[{"href":"https:\/\/xpressdisplays.com\/es\/wp-json\/wp\/v2\/types\/product"}],"wp:featuredmedia":[{"embeddable":true,"href":"https:\/\/xpressdisplays.com\/es\/wp-json\/wp\/v2\/media\/20059"}],"wp:attachment":[{"href":"https:\/\/xpressdisplays.com\/es\/wp-json\/wp\/v2\/media?parent=25240"}],"wp:term":[{"taxonomy":"product_brand","embeddable":true,"href":"https:\/\/xpressdisplays.com\/es\/wp-json\/wp\/v2\/product_brand?post=25240"},{"taxonomy":"product_cat","embeddable":true,"href":"https:\/\/xpressdisplays.com\/es\/wp-json\/wp\/v2\/product_cat?post=25240"},{"taxonomy":"product_tag","embeddable":true,"href":"https:\/\/xpressdisplays.com\/es\/wp-json\/wp\/v2\/product_tag?post=25240"}],"curies":[{"name":"wp","href":"https:\/\/api.w.org\/{rel}","templated":true}]}}