{"id":25239,"date":"2023-05-22T16:34:13","date_gmt":"2023-05-22T15:34:13","guid":{"rendered":"https:\/\/xpressdisplays.com\/producto\/contador-tex-wave-doble-xl\/"},"modified":"2024-07-30T12:29:48","modified_gmt":"2024-07-30T11:29:48","slug":"contador-tex-wave-doble-xl","status":"publish","type":"product","link":"https:\/\/xpressdisplays.com\/es\/producto\/contador-tex-wave-doble-xl\/","title":{"rendered":"Contador Tex Wave Doble XL"},"content":{"rendered":"<p><strong>Personaliza tu TexWave Double XLCounter<\/strong> Coated en tejido impreso por sistema de sublimaci\u00f3n, con cierre de cremallera en la espalda. Estante superior e interior de dibond que proporciona robustez para la exposici\u00f3n y almacenamiento de productos. Una de las principales ventajas de los mostradores promocionales es su capacidad para atraer la atenci\u00f3n del p\u00fablico. Suelen estar pensados para ser llamativos y atractivos, con colores vibrantes y dise\u00f1os creativos. Esto hace que sean f\u00e1ciles de ver entre la multitud y puede ayudar a atraer a la gente a tu espacio de exposici\u00f3n. Otra ventaja de los mostradores promocionales es que son vers\u00e1tiles y pueden utilizarse en diversos actos y lugares. Adecuado para su uso en ferias y exposiciones, eventos, tiendas minoristas e incluso en oficinas u otros espacios comerciales. Esto significa que pueden utilizarse en diversas configuraciones para atraer a distintos tipos de p\u00fablico.<\/p>\n","protected":false},"excerpt":{"rendered":"<ul>\n<li>Estructura de tubo de aluminio ligera y f\u00e1cil de montar;<\/li>\n<li>Mostrador doble XL porque te permite adaptar su tama\u00f1o a tus necesidades, conect\u00e1ndose entre s\u00ed, es una soluci\u00f3n modular muy eficaz para cuando tu comunicaci\u00f3n necesite m\u00e1s o menos espacio;<\/li>\n<li>Revestimiento en tejido Print Tex 210 g Totalmente estampado por sublimaci\u00f3n, con cierre de cremallera en la espalda;<\/li>\n<li>Parte trasera del mostrador no impresa, con cremallera para acceder a la estanter\u00eda y al almacenamiento;<\/li>\n<li>Los estantes superior e interior son de dibond, lo que los hace resistentes para exponer y almacenar productos; F\u00e1ciles de transportar, montar y almacenar;<\/li>\n<li>Bolsa de transporte incluida;<\/li>\n<li>Duradero: actualiza la impresi\u00f3n en el mostrador;<\/li>\n<li>F\u00e1cil de trasladar: cabe en el maletero de un coche;<\/li>\n<li>Uso interno y externo;<\/li>\n<li>Producci\u00f3n propia.<\/li>\n<li>Tiempo medio de producci\u00f3n de 5 a 8 d\u00edas laborables.<\/li>\n<\/ul>\n<p>[divider line_type=\u00bbno-line\u00bb custom_height=\u00bb20&#8243;]<\/p>\n[button open_new_tab=\"true\" color=\"accent-color\" hover_text_color_override=\"#fff\" size=\"large\" url=\"https:\/\/xpressdisplays.com\/wp-content\/uploads\/2023\/06\/ENTex_Wave_Counter_XL_DUPLO_2860x1050.pdf\" text=\"Ver plantilla\" color_override=\"#8dc73f\"]\n<p>[divider line_type=\u00bbno-line\u00bb custom_height=\u00bb20&#8243;]<\/p>\n","protected":false},"featured_media":19911,"template":"","meta":[],"product_brand":[],"product_cat":[447],"product_tag":[498,430,435,433,496,497,495,444,494,461],"class_list":{"0":"post-25239","1":"product","2":"type-product","3":"status-publish","4":"has-post-thumbnail","6":"product_cat-contador","7":"product_tag-catering-es","8":"product_tag-eventos","9":"product_tag-expositores-de-marketing","10":"product_tag-ferias","11":"product_tag-mostrador-de-proteccion-promocional","12":"product_tag-mostrador-de-publicidad","13":"product_tag-mostrador-promocional","14":"product_tag-punto-de-venta","15":"product_tag-soportes-modulares","16":"product_tag-stands-de-exposicion","18":"first","19":"instock","20":"shipping-taxable","21":"product-type-variable","22":"has-default-attributes"},"_links":{"self":[{"href":"https:\/\/xpressdisplays.com\/es\/wp-json\/wp\/v2\/product\/25239","targetHints":{"allow":["GET"]}}],"collection":[{"href":"https:\/\/xpressdisplays.com\/es\/wp-json\/wp\/v2\/product"}],"about":[{"href":"https:\/\/xpressdisplays.com\/es\/wp-json\/wp\/v2\/types\/product"}],"wp:featuredmedia":[{"embeddable":true,"href":"https:\/\/xpressdisplays.com\/es\/wp-json\/wp\/v2\/media\/19911"}],"wp:attachment":[{"href":"https:\/\/xpressdisplays.com\/es\/wp-json\/wp\/v2\/media?parent=25239"}],"wp:term":[{"taxonomy":"product_brand","embeddable":true,"href":"https:\/\/xpressdisplays.com\/es\/wp-json\/wp\/v2\/product_brand?post=25239"},{"taxonomy":"product_cat","embeddable":true,"href":"https:\/\/xpressdisplays.com\/es\/wp-json\/wp\/v2\/product_cat?post=25239"},{"taxonomy":"product_tag","embeddable":true,"href":"https:\/\/xpressdisplays.com\/es\/wp-json\/wp\/v2\/product_tag?post=25239"}],"curies":[{"name":"wp","href":"https:\/\/api.w.org\/{rel}","templated":true}]}}