{"id":25232,"date":"2023-05-23T14:17:50","date_gmt":"2023-05-23T13:17:50","guid":{"rendered":"https:\/\/xpressdisplays.com\/producto\/totem-soporte-tv-angular-tex-wave\/"},"modified":"2024-07-30T12:29:46","modified_gmt":"2024-07-30T11:29:46","slug":"totem-soporte-tv-angular-tex-wave","status":"publish","type":"product","link":"https:\/\/xpressdisplays.com\/es\/producto\/totem-soporte-tv-angular-tex-wave\/","title":{"rendered":"T\u00f3tem Soporte TV Angular Tex Wave"},"content":{"rendered":"<p><strong>Arco triangular 3D &#8211; \u00a1Para cuando quieras que te vean!<\/strong><br \/>\n<strong>Pantalla perfecta para destacar a distancia.<\/strong><br \/>\n<strong>Una buena soluci\u00f3n para la comunicaci\u00f3n en exteriores, ligera y f\u00e1cil de montar al mismo tiempo, \u00a1el arco triangular 3D es la soluci\u00f3n ideal!<\/strong>  Con 5,50 m de alto x 3,50 m de ancho x 0,75 m de profundidad.<br \/>\nSeguro que este arco atraer\u00e1 la atenci\u00f3n de la gente de la zona.<br \/>\nEst\u00e1 fabricado con tejido All Print Tex de alta calidad.<br \/>\nAdem\u00e1s de la eficacia del Arco Triangular 3D para atraer la atenci\u00f3n y publicitar tu marca, tambi\u00e9n es extremadamente f\u00e1cil de usar.<br \/>\nEl marco est\u00e1 hecho de material de aluminio resistente y ligero, con una base de virutas de madera.<br \/>\nEl marco del arco utiliza una tecnolog\u00eda de encaje s\u00faper sencilla que facilita el montaje.<br \/>\nLa impresi\u00f3n Tex Wave es de excelente calidad, por lo que la visibilidad y la percepci\u00f3n de la comunicaci\u00f3n mostrada ser\u00e1n las mejores del mercado.<br \/>\nUna innovadora gama de expositores de tela tubular, con una estructura resistente y duradera, f\u00e1cil de montar y transportar.<br \/>\nIdeal para eventos al aire libre de gran visibilidad, como senderos, bienvenidas, casetas para coches al aire libre, carreras y eventos deportivos al aire libre.<br \/>\nSe incluye una bolsa de transporte de nailon para facilitar el transporte y el almacenamiento.           &nbsp;<\/p>\n","protected":false},"excerpt":{"rendered":"<ul>\n<li>Armaz\u00f3n tubular de aluminio<\/li>\n<li>Disponible en 180 cm de alto y 2 medidas de ancho:\n<ul>\n<li>50 cm<\/li>\n<li>75 cm<\/li>\n<\/ul>\n<\/li>\n<li>Con aplicaci\u00f3n de soporte LCD:\n<ul>\n<li>Marco de 50 cm de ancho hasta 32\u2033.<\/li>\n<li>Marco de 75 cm de ancho hasta 40\u2033.<\/li>\n<\/ul>\n<\/li>\n<li>Impreso en tejido de poli\u00e9ster de 180 g por sublimaci\u00f3n, parte trasera en tejido el\u00e1stico negro y cierre de cremallera;<\/li>\n<li>Bolsa de transporte incluida;<\/li>\n<li>F\u00e1cil de montar, transportar y embalar;<\/li>\n<li>Para uso en interiores;<\/li>\n<li>Producto desarrollado y fabricado internamente.<\/li>\n<li>Tiempo medio de producci\u00f3n 5 d\u00edas laborables.<\/li>\n<\/ul>\n","protected":false},"featured_media":2740,"template":"","meta":[],"product_brand":[],"product_cat":[452],"product_tag":[438,439,491,430,431,453,435,454,490,433,434,489,436,488,437,440,460,441,442,492,450],"class_list":{"0":"post-25232","1":"product","2":"type-product","3":"status-publish","4":"has-post-thumbnail","6":"product_cat-panel-totem-es","7":"product_tag-comunicacion-interior","8":"product_tag-congresos","9":"product_tag-escaparates","10":"product_tag-eventos","11":"product_tag-eventos-publicitarios","12":"product_tag-exclusivo","13":"product_tag-expositores-de-marketing","14":"product_tag-fabricado-en-portugal","15":"product_tag-facil-de-montar-es","16":"product_tag-ferias","17":"product_tag-ligero","18":"product_tag-pantalla","19":"product_tag-premium-es","20":"product_tag-presentaciones","21":"product_tag-publicidad","22":"product_tag-reutilizable","23":"product_tag-senalizacion-digital","24":"product_tag-tejido","25":"product_tag-textil","26":"product_tag-textiles-es","27":"product_tag-tpv","29":"first","30":"instock","31":"shipping-taxable","32":"product-type-variable"},"_links":{"self":[{"href":"https:\/\/xpressdisplays.com\/es\/wp-json\/wp\/v2\/product\/25232","targetHints":{"allow":["GET"]}}],"collection":[{"href":"https:\/\/xpressdisplays.com\/es\/wp-json\/wp\/v2\/product"}],"about":[{"href":"https:\/\/xpressdisplays.com\/es\/wp-json\/wp\/v2\/types\/product"}],"wp:featuredmedia":[{"embeddable":true,"href":"https:\/\/xpressdisplays.com\/es\/wp-json\/wp\/v2\/media\/2740"}],"wp:attachment":[{"href":"https:\/\/xpressdisplays.com\/es\/wp-json\/wp\/v2\/media?parent=25232"}],"wp:term":[{"taxonomy":"product_brand","embeddable":true,"href":"https:\/\/xpressdisplays.com\/es\/wp-json\/wp\/v2\/product_brand?post=25232"},{"taxonomy":"product_cat","embeddable":true,"href":"https:\/\/xpressdisplays.com\/es\/wp-json\/wp\/v2\/product_cat?post=25232"},{"taxonomy":"product_tag","embeddable":true,"href":"https:\/\/xpressdisplays.com\/es\/wp-json\/wp\/v2\/product_tag?post=25232"}],"curies":[{"name":"wp","href":"https:\/\/api.w.org\/{rel}","templated":true}]}}