{"id":25231,"date":"2023-05-23T14:13:24","date_gmt":"2023-05-23T13:13:24","guid":{"rendered":"https:\/\/xpressdisplays.com\/producto\/portico-tex-wave-3d\/"},"modified":"2024-07-30T12:29:46","modified_gmt":"2024-07-30T11:29:46","slug":"portico-tex-wave-3d","status":"publish","type":"product","link":"https:\/\/xpressdisplays.com\/es\/producto\/portico-tex-wave-3d\/","title":{"rendered":"P\u00f3rtico Tex Wave 3D"},"content":{"rendered":"<p><strong>3DPortic es la estructura ideal para identificar el lugar que busca la gente cuando llega a su destino.<\/strong>  En lo que respecta a la comunicaci\u00f3n visual, se puede fabricar un p\u00f3rtico para caracterizar la fachada de un punto comercial con la intenci\u00f3n de atraer la mirada y la atenci\u00f3n de los que est\u00e1n cerca.<br \/>\nSi quieres un expositor impactante, ligero y f\u00e1cil de montar al mismo tiempo, \u00a1este expositor exterior es el m\u00e1s adecuado!<br \/>\nCon una altura de 2,7 mt de alto x 4,00 mt de ancho x 0,5 mt de profundidad.<br \/>\nEste arco atraer\u00e1 sin duda la atenci\u00f3n de la gente de los alrededores.<br \/>\nCombina su asombroso tama\u00f1o con los vibrantes colores de la impresi\u00f3n textil de alta calidad.<br \/>\nAdem\u00e1s, esta pantalla para exteriores es muy f\u00e1cil de usar.<br \/>\nLa impresi\u00f3n Tex Wave es de excelente calidad, por lo que la visibilidad y la percepci\u00f3n de la comunicaci\u00f3n mostrada ser\u00e1n las mejores del mercado.<br \/>\nTe permite personalizar y decorar tus espacios, dinamizando tu comunicaci\u00f3n.<br \/>\nUna innovadora gama de expositores de tela tubular, con una estructura duradera y resistente, f\u00e1ciles de montar y transportar.<br \/>\nIdeal para eventos al aire libre de gran visibilidad, como senderos, bienvenidas, casetas para coches al aire libre, carreras y eventos deportivos al aire libre.         <\/p>\n","protected":false},"excerpt":{"rendered":"<ul>\n<li>Estructura tubular de aluminio;<\/li>\n<li>Dimensiones: AnxAlxPr 4mt x 2,7mtx x 0,5mt x 30mt;<\/li>\n<li>Impresi\u00f3n por sublimaci\u00f3n sobre tejido Print Tex All 210gr de doble cara;<\/li>\n<li>4 bases incluidas;<\/li>\n<li>Bolsa de transporte incluida;<\/li>\n<li>F\u00e1cil de montar y transportar;<\/li>\n<li>Uso en exteriores e interiores;<\/li>\n<li>El kit de seguridad para exteriores no est\u00e1 incluido;<\/li>\n<li>Sirve sobre todo como entrada y salida de eventos, tel\u00f3n de fondo de escenarios o fachada de tiendas.<br \/>\nDebido a su tama\u00f1o, llama la atenci\u00f3n, impactando a los que pasan por delante; <\/li>\n<li>Producci\u00f3n propia.<\/li>\n<\/ul>\n<p>  Fecha de producci\u00f3n entre 5 y 8 d\u00edas laborables.<\/p>\n","protected":false},"featured_media":19949,"template":"","meta":[],"product_brand":[],"product_cat":[479],"product_tag":[483,435,484,485],"class_list":{"0":"post-25231","1":"product","2":"type-product","3":"status-publish","4":"has-post-thumbnail","6":"product_cat-formato-especial","7":"product_tag-expositor-publicitario","8":"product_tag-expositores-de-marketing","9":"product_tag-pantalla-portatil","10":"product_tag-publicidad-exterior","12":"first","13":"instock","14":"shipping-taxable","15":"product-type-variable"},"_links":{"self":[{"href":"https:\/\/xpressdisplays.com\/es\/wp-json\/wp\/v2\/product\/25231","targetHints":{"allow":["GET"]}}],"collection":[{"href":"https:\/\/xpressdisplays.com\/es\/wp-json\/wp\/v2\/product"}],"about":[{"href":"https:\/\/xpressdisplays.com\/es\/wp-json\/wp\/v2\/types\/product"}],"wp:featuredmedia":[{"embeddable":true,"href":"https:\/\/xpressdisplays.com\/es\/wp-json\/wp\/v2\/media\/19949"}],"wp:attachment":[{"href":"https:\/\/xpressdisplays.com\/es\/wp-json\/wp\/v2\/media?parent=25231"}],"wp:term":[{"taxonomy":"product_brand","embeddable":true,"href":"https:\/\/xpressdisplays.com\/es\/wp-json\/wp\/v2\/product_brand?post=25231"},{"taxonomy":"product_cat","embeddable":true,"href":"https:\/\/xpressdisplays.com\/es\/wp-json\/wp\/v2\/product_cat?post=25231"},{"taxonomy":"product_tag","embeddable":true,"href":"https:\/\/xpressdisplays.com\/es\/wp-json\/wp\/v2\/product_tag?post=25231"}],"curies":[{"name":"wp","href":"https:\/\/api.w.org\/{rel}","templated":true}]}}