{"id":25224,"date":"2023-05-23T14:32:19","date_gmt":"2023-05-23T13:32:19","guid":{"rendered":"https:\/\/xpressdisplays.com\/producto\/tex-wave-triangulo-3d-arco\/"},"modified":"2024-07-30T12:29:44","modified_gmt":"2024-07-30T11:29:44","slug":"tex-wave-triangulo-3d-arco","status":"publish","type":"product","link":"https:\/\/xpressdisplays.com\/es\/producto\/tex-wave-triangulo-3d-arco\/","title":{"rendered":"Tex Wave Tri\u00e1ngulo 3D Arco"},"content":{"rendered":"<p><strong>Arco triangular 3D &#8211; \u00a1Para cuando quieras que te vean!<\/strong><br \/>\n<strong>La pantalla perfecta para destacar a distancia.<\/strong>  Una buena soluci\u00f3n para la comunicaci\u00f3n en exteriores, ligera y f\u00e1cil de montar al mismo tiempo, \u00a1el arco triangular 3D es la soluci\u00f3n ideal!<br \/>\nCon 5,50 m de alto x 3,50 m de ancho x 0,75 m de profundidad.<br \/>\nSeguro que este arco atraer\u00e1 la atenci\u00f3n de la gente de la zona.<br \/>\nLa impresi\u00f3n se realiza en tejido All Print Tex de alta calidad.<br \/>\nAdem\u00e1s de la eficacia del Arco Triangular 3D para atraer la atenci\u00f3n y promocionar tu marca, tambi\u00e9n es muy f\u00e1cil de usar.<br \/>\nLa estructura est\u00e1 hecha de material de aluminio resistente y ligero con una base de virutas de madera.<br \/>\nLa estructura del arco utiliza una tecnolog\u00eda de encaje supersencilla que facilita su montaje.<br \/>\nLa impresi\u00f3n Tex Wave es de excelente calidad, por lo que la visibilidad y la percepci\u00f3n de la comunicaci\u00f3n mostrada ser\u00e1n las mejores del mercado.<br \/>\nUna gama innovadora de expositores tubulares de tela, con una estructura robusta y duradera, f\u00e1cil de montar y transportar.<br \/>\nIdeales para eventos al aire libre de gran visibilidad, como senderos, bienvenidas, casetas para coches al aire libre, carreras y eventos deportivos al aire libre.<br \/>\nSe incluye una bolsa de transporte de nailon para facilitar su transporte y almacenamiento.          <\/p>\n","protected":false},"excerpt":{"rendered":"<ul>\n<li>Estructura tubular de aluminio;<\/li>\n<li>Dimensiones: AnxAlxPr 5,50mt x 3,50mt x 0,75mt;<\/li>\n<li>Impresi\u00f3n por sublimaci\u00f3n en tejido All Print Tex de 210gr, impresi\u00f3n en negro en el interior;<\/li>\n<li>El tejido se adhiere a la base mediante un sistema de silicona;<\/li>\n<li>F\u00e1cil de montar y transportar;<\/li>\n<li>Uso externo e interno;<\/li>\n<li>Se utiliza principalmente como entrada y salida del evento.<br \/>\nDebido a su tama\u00f1o, llama la atenci\u00f3n e impacta a los transe\u00fantes; <\/li>\n<li>Producci\u00f3n propia;<\/li>\n<li>Tiempo medio de producci\u00f3n 5 d\u00edas laborables.<\/li>\n<\/ul>\n","protected":false},"featured_media":19951,"template":"","meta":[],"product_brand":[],"product_cat":[479],"product_tag":[431,435,477,459,481,480],"class_list":{"0":"post-25224","1":"product","2":"type-product","3":"status-publish","4":"has-post-thumbnail","6":"product_cat-formato-especial","7":"product_tag-eventos-publicitarios","8":"product_tag-expositores-de-marketing","9":"product_tag-expositores-tubulares","10":"product_tag-muestra","11":"product_tag-soportes-de-publicidad-exterior","12":"product_tag-soportes-publicitarios","14":"first","15":"instock","16":"featured","17":"shipping-taxable","18":"product-type-variable"},"_links":{"self":[{"href":"https:\/\/xpressdisplays.com\/es\/wp-json\/wp\/v2\/product\/25224","targetHints":{"allow":["GET"]}}],"collection":[{"href":"https:\/\/xpressdisplays.com\/es\/wp-json\/wp\/v2\/product"}],"about":[{"href":"https:\/\/xpressdisplays.com\/es\/wp-json\/wp\/v2\/types\/product"}],"wp:featuredmedia":[{"embeddable":true,"href":"https:\/\/xpressdisplays.com\/es\/wp-json\/wp\/v2\/media\/19951"}],"wp:attachment":[{"href":"https:\/\/xpressdisplays.com\/es\/wp-json\/wp\/v2\/media?parent=25224"}],"wp:term":[{"taxonomy":"product_brand","embeddable":true,"href":"https:\/\/xpressdisplays.com\/es\/wp-json\/wp\/v2\/product_brand?post=25224"},{"taxonomy":"product_cat","embeddable":true,"href":"https:\/\/xpressdisplays.com\/es\/wp-json\/wp\/v2\/product_cat?post=25224"},{"taxonomy":"product_tag","embeddable":true,"href":"https:\/\/xpressdisplays.com\/es\/wp-json\/wp\/v2\/product_tag?post=25224"}],"curies":[{"name":"wp","href":"https:\/\/api.w.org\/{rel}","templated":true}]}}