{"id":25223,"date":"2023-05-23T14:48:50","date_gmt":"2023-05-23T13:48:50","guid":{"rendered":"https:\/\/xpressdisplays.com\/producto\/tex-wave-pared-recta-3d\/"},"modified":"2024-07-30T12:29:44","modified_gmt":"2024-07-30T11:29:44","slug":"tex-wave-pared-recta-3d","status":"publish","type":"product","link":"https:\/\/xpressdisplays.com\/es\/producto\/tex-wave-pared-recta-3d\/","title":{"rendered":"Tex Wave Pared Recta 3D"},"content":{"rendered":"<p><strong>Tex Wave Straight 3D Wall &#8211; Tex Wave Straight 3D Wall t es una estructura tubular tridimensional de aluminio (tiene unos 35 cm de profundidad), compacta y ligera, que se adapta a las situaciones m\u00e1s diversas como expositor publicitario.<\/strong>  Crea un robusto muro de 6 m de longitud en tu stand o espacio.<br \/>\nTe permite personalizar y decorar tus espacios, dinamizando tu comunicaci\u00f3n.<br \/>\nAdem\u00e1s de la impresi\u00f3n frontal de este expositor, tambi\u00e9n puedes optar por la impresi\u00f3n frontal y trasera.<br \/>\nSe entrega con una bolsa de nailon para facilitar su transporte y almacenamiento.<br \/>\nLa impresi\u00f3n es de excelente calidad, por lo que la visibilidad y la percepci\u00f3n de la comunicaci\u00f3n mostrada ser\u00e1n \u00f3ptimas.<br \/>\nEl sistema de montaje simplificado permite cambiar r\u00e1pidamente la tela de la pantalla tubular.<br \/>\nSi ya tienes el marco, s\u00f3lo tienes que pedir la tela.<br \/>\nLas telas son lavables.<br \/>\nIdeal para congresos, stands, conferencias, eventos deportivos, eventos publicitarios, stands de ferias y otros.        <\/p>\n","protected":false},"excerpt":{"rendered":"<ul>\n<li>Bastidor tubular de aluminio;<\/li>\n<li>Estampado en tejido Print Tex All 210gr por sublimaci\u00f3n, laterales y espalda en tejido el\u00e1stico negro, con cremallera;<\/li>\n<li>Posibilidad de imprimir por las dos caras;<\/li>\n<li>Bolsa de transporte incluida;<\/li>\n<li>F\u00e1cil de montar, transportar y almacenar;Posibilidad de acoplar un foco;<\/li>\n<li>Uso interno;<\/li>\n<li>Tejido con clasificaci\u00f3n al fuego FR &#8211; B1;<\/li>\n<\/ul>\n<p><strong>Tiempo medio de producci\u00f3n 5 d\u00edas laborables.<\/strong><\/p>\n<p><span style=\"vertical-align: inherit;\"><span style=\"vertical-align: inherit;\">[button open_new_tab=\"true\" color=\"accent-color\" hover_text_color_override=\"#fff\" size=\"large\" url=\"COLOCAR AQUI O URL DO TEMPLATE que carregou para o separador MEDIA\" text=\"Ver plantilla\" color_override=\"<br \/>\n#8dc73f\"]<\/span><\/span><\/p>\n<p>&nbsp;<\/p>\n<p>&nbsp;<\/p>\n","protected":false},"featured_media":20127,"template":"","meta":[],"product_brand":[],"product_cat":[429],"product_tag":[430,431,476,435,474,477,432,433,434,458,475,436,437,450],"class_list":{"0":"post-25223","1":"product","2":"type-product","3":"status-publish","4":"has-post-thumbnail","6":"product_cat-paredes","7":"product_tag-eventos","8":"product_tag-eventos-publicitarios","9":"product_tag-expositor-modular","10":"product_tag-expositores-de-marketing","11":"product_tag-expositores-publicitarios","12":"product_tag-expositores-tubulares","13":"product_tag-facil-de-montar","14":"product_tag-ferias","15":"product_tag-ligero","16":"product_tag-muro-fotografico","17":"product_tag-pantalla-desplegable","18":"product_tag-premium-es","19":"product_tag-publicidad","20":"product_tag-tpv","22":"first","23":"instock","24":"featured","25":"shipping-taxable","26":"product-type-variable"},"_links":{"self":[{"href":"https:\/\/xpressdisplays.com\/es\/wp-json\/wp\/v2\/product\/25223","targetHints":{"allow":["GET"]}}],"collection":[{"href":"https:\/\/xpressdisplays.com\/es\/wp-json\/wp\/v2\/product"}],"about":[{"href":"https:\/\/xpressdisplays.com\/es\/wp-json\/wp\/v2\/types\/product"}],"wp:featuredmedia":[{"embeddable":true,"href":"https:\/\/xpressdisplays.com\/es\/wp-json\/wp\/v2\/media\/20127"}],"wp:attachment":[{"href":"https:\/\/xpressdisplays.com\/es\/wp-json\/wp\/v2\/media?parent=25223"}],"wp:term":[{"taxonomy":"product_brand","embeddable":true,"href":"https:\/\/xpressdisplays.com\/es\/wp-json\/wp\/v2\/product_brand?post=25223"},{"taxonomy":"product_cat","embeddable":true,"href":"https:\/\/xpressdisplays.com\/es\/wp-json\/wp\/v2\/product_cat?post=25223"},{"taxonomy":"product_tag","embeddable":true,"href":"https:\/\/xpressdisplays.com\/es\/wp-json\/wp\/v2\/product_tag?post=25223"}],"curies":[{"name":"wp","href":"https:\/\/api.w.org\/{rel}","templated":true}]}}