{"id":25204,"date":"2023-06-06T12:20:53","date_gmt":"2023-06-06T11:20:53","guid":{"rendered":"https:\/\/xpressdisplays.com\/producto\/pop-up-lightbox\/"},"modified":"2024-07-30T12:28:58","modified_gmt":"2024-07-30T11:28:58","slug":"pop-up-lightbox","status":"publish","type":"product","link":"https:\/\/xpressdisplays.com\/es\/producto\/pop-up-lightbox\/","title":{"rendered":"Pop-Up LightBox"},"content":{"rendered":"<p><strong>Pop-Up Lightbox es una gran soluci\u00f3n para iluminar tu comunicaci\u00f3n de forma f\u00e1cil y pr\u00e1ctica.<br \/>\nEste Pop Up es el expositor perfecto en cualquier lugar y est\u00e1 listo en cuesti\u00f3n de minutos. <\/strong>  \u00a1Ilumina tu comunicaci\u00f3n con nuestro Expositor Pop Up con Retroiluminaci\u00f3n!<br \/>\nImpresi\u00f3n en sistemas de expositores, tambi\u00e9n conocidos como pared trasera o tel\u00f3n de fondo publicitario.<br \/>\nLa iluminaci\u00f3n de esta estructura se realiza con un kit de barras LED que se colocan en la estructura y se conectan entre s\u00ed.<br \/>\nLa tela se aplica a la estructura mediante silicona cosida alrededor y luego se coloca en las ranuras de las barras de la estructura acabada.<br \/>\nSe utiliza en ferias y eventos como inauguraciones, exposiciones y festivales.    <\/p>\n","protected":false},"excerpt":{"rendered":"<ul>\n<li style=\"list-style-type: none;\">\n<ul>\n<li>Armaz\u00f3n de aluminio lacado;<\/li>\n<li>Tejido retroiluminado de 260 g impreso por sublimaci\u00f3n con aplicaci\u00f3n de PVC siliconado de 12 mm;<\/li>\n<li>Dorso en tejido blockout de 210 g, s\u00f3lo con la compra de marco + impresi\u00f3n<\/li>\n<li>Iluminaci\u00f3n por aplicaci\u00f3n en los laterales con barras LED de 54W;<\/li>\n<li>Caras impresas;<\/li>\n<li>Incluye bolsas de nylon reforzadas;<\/li>\n<li>F\u00e1cil de transportar, montar y embalar;<\/li>\n<li>Uso interno.<\/li>\n<\/ul>\n<\/li>\n<\/ul>\n<p>&nbsp;<\/p>\n<p><strong>Tiempo medio de producci\u00f3n 5 d\u00edas laborables.<\/strong><\/p>\n<p>&nbsp;<\/p>\n<p><span style=\"vertical-align: inherit;\"><span style=\"vertical-align: inherit;\">[button open_new_tab=\"true\" color=\"accent-color\" hover_text_color_override=\"#fff\" size=\"large\" url=\"COLOCAR AQUI O URL DO TEMPLATE que carregou para o separador MEDIA\" text=\"Ver plantilla\" color_override=\"<br \/>\n#8dc73f\"]<\/span><\/span><\/p>\n<p>&nbsp;<\/p>\n","protected":false},"featured_media":20248,"template":"","meta":[],"product_brand":[],"product_cat":[429],"product_tag":[],"class_list":{"0":"post-25204","1":"product","2":"type-product","3":"status-publish","4":"has-post-thumbnail","6":"product_cat-paredes","8":"first","9":"instock","10":"shipping-taxable","11":"product-type-variable"},"_links":{"self":[{"href":"https:\/\/xpressdisplays.com\/es\/wp-json\/wp\/v2\/product\/25204","targetHints":{"allow":["GET"]}}],"collection":[{"href":"https:\/\/xpressdisplays.com\/es\/wp-json\/wp\/v2\/product"}],"about":[{"href":"https:\/\/xpressdisplays.com\/es\/wp-json\/wp\/v2\/types\/product"}],"wp:featuredmedia":[{"embeddable":true,"href":"https:\/\/xpressdisplays.com\/es\/wp-json\/wp\/v2\/media\/20248"}],"wp:attachment":[{"href":"https:\/\/xpressdisplays.com\/es\/wp-json\/wp\/v2\/media?parent=25204"}],"wp:term":[{"taxonomy":"product_brand","embeddable":true,"href":"https:\/\/xpressdisplays.com\/es\/wp-json\/wp\/v2\/product_brand?post=25204"},{"taxonomy":"product_cat","embeddable":true,"href":"https:\/\/xpressdisplays.com\/es\/wp-json\/wp\/v2\/product_cat?post=25204"},{"taxonomy":"product_tag","embeddable":true,"href":"https:\/\/xpressdisplays.com\/es\/wp-json\/wp\/v2\/product_tag?post=25204"}],"curies":[{"name":"wp","href":"https:\/\/api.w.org\/{rel}","templated":true}]}}