{"id":25194,"date":"2023-06-06T12:21:44","date_gmt":"2023-06-06T11:21:44","guid":{"rendered":"https:\/\/xpressdisplays.com\/producto\/textil-pop-up\/"},"modified":"2024-07-30T12:28:53","modified_gmt":"2024-07-30T11:28:53","slug":"textil-pop-up","status":"publish","type":"product","link":"https:\/\/xpressdisplays.com\/es\/producto\/textil-pop-up\/","title":{"rendered":"Textil Pop-Up"},"content":{"rendered":"<p><strong>Expositor Tex<\/strong>til Pop-UpEl Expositor Textil<strong>Pop-Up es un expositor que te permite comunicarte de forma din\u00e1mica.<\/strong> Estructura ligera de aluminio, impresi\u00f3n por sublimaci\u00f3n en la tela, la estructura tiene velcro macho sellado y el velcro hembra est\u00e1 cosido a la tela, de forma que los dos se unen y su aplicaci\u00f3n y montaje es r\u00e1pido y pr\u00e1ctico.<br \/>\nSe suele utilizar en stands, congresos, ferias, pero tambi\u00e9n como fondo fotogr\u00e1fico o muro de patrocinio.<br \/>\nSe incluye como accesorio una bolsa de transporte para que puedas transportar y guardar tu expositor publicitario.<br \/>\nEste soporte publicitario pertenece a la econ\u00f3mica familia Pop-Up.   <\/p>\n","protected":false},"excerpt":{"rendered":"<ul>\n<li>Armaz\u00f3n de aluminio con velcro sellado;<\/li>\n<li>Impresi\u00f3n por sublimaci\u00f3n sobre tejido Print Tex All 210gr con aplicaci\u00f3n de velcro;<\/li>\n<li>Posibilidad de acoplar un foco;<\/li>\n<li>Bolsa de nylon reforzada incluida;<\/li>\n<li>F\u00e1cil de transportar, montar y almacenar;<\/li>\n<li>Uso interno.<\/li>\n<\/ul>\n<h6><span style=\"vertical-align: inherit;\"><span style=\"vertical-align: inherit;\"><span style=\"vertical-align: inherit;\"><span style=\"vertical-align: inherit;\">Tiempo medio de producci\u00f3n 5 d\u00edas laborables.<\/span><\/span><\/span><\/span><\/h6>\n","protected":false},"featured_media":20266,"template":"","meta":[],"product_brand":[],"product_cat":[429],"product_tag":[],"class_list":{"0":"post-25194","1":"product","2":"type-product","3":"status-publish","4":"has-post-thumbnail","6":"product_cat-paredes","8":"first","9":"instock","10":"shipping-taxable","11":"product-type-variable"},"_links":{"self":[{"href":"https:\/\/xpressdisplays.com\/es\/wp-json\/wp\/v2\/product\/25194","targetHints":{"allow":["GET"]}}],"collection":[{"href":"https:\/\/xpressdisplays.com\/es\/wp-json\/wp\/v2\/product"}],"about":[{"href":"https:\/\/xpressdisplays.com\/es\/wp-json\/wp\/v2\/types\/product"}],"wp:featuredmedia":[{"embeddable":true,"href":"https:\/\/xpressdisplays.com\/es\/wp-json\/wp\/v2\/media\/20266"}],"wp:attachment":[{"href":"https:\/\/xpressdisplays.com\/es\/wp-json\/wp\/v2\/media?parent=25194"}],"wp:term":[{"taxonomy":"product_brand","embeddable":true,"href":"https:\/\/xpressdisplays.com\/es\/wp-json\/wp\/v2\/product_brand?post=25194"},{"taxonomy":"product_cat","embeddable":true,"href":"https:\/\/xpressdisplays.com\/es\/wp-json\/wp\/v2\/product_cat?post=25194"},{"taxonomy":"product_tag","embeddable":true,"href":"https:\/\/xpressdisplays.com\/es\/wp-json\/wp\/v2\/product_tag?post=25194"}],"curies":[{"name":"wp","href":"https:\/\/api.w.org\/{rel}","templated":true}]}}