{"id":25193,"date":"2023-06-06T10:53:45","date_gmt":"2023-06-06T09:53:45","guid":{"rendered":"https:\/\/xpressdisplays.com\/producto\/tex-wave-stand-mississippi\/"},"modified":"2024-07-30T12:28:50","modified_gmt":"2024-07-30T11:28:50","slug":"tex-wave-stand-mississippi","status":"publish","type":"product","link":"https:\/\/xpressdisplays.com\/es\/producto\/tex-wave-stand-mississippi\/","title":{"rendered":"Tex Wave Stand Mississippi"},"content":{"rendered":"<p>El Sistema Tex Wave de Expositores Modulares permite una gran variedad de formas y tama\u00f1os.<br \/>\nF\u00e1ciles de montar, desmontar y personalizar, son pr\u00e1cticos y vers\u00e1tiles.<br \/>\nTiempo de producci\u00f3n entre 8 y 10 d\u00edas laborables.    &nbsp;<\/p>\n","protected":false},"excerpt":{"rendered":"<p>Xpress Displays apuesta cada vez m\u00e1s por la creaci\u00f3n de stands y soluciones para eventos llave en mano.<br \/>\n\u00a1El Stand Mississippi es la soluci\u00f3n ideal para stands grandes en los que el objetivo es crear una imagen \u00fanica!<br \/>\nOcupaci\u00f3n del espacio &#8211; L x L (cm): 200\u00d7300 <strong>Precio a consultar.<\/strong>  <\/p>\n","protected":false},"featured_media":21129,"template":"","meta":[],"product_brand":[],"product_cat":[457],"product_tag":[438,443,430,431,435,432,462,434,459,458,436,437,440,460,461,441,442],"class_list":{"0":"post-25193","1":"product","2":"type-product","3":"status-publish","4":"has-post-thumbnail","6":"product_cat-stands-es","7":"product_tag-comunicacion-interior","8":"product_tag-doble-cara","9":"product_tag-eventos","10":"product_tag-eventos-publicitarios","11":"product_tag-expositores-de-marketing","12":"product_tag-facil-de-montar","13":"product_tag-feria","14":"product_tag-ligero","15":"product_tag-muestra","16":"product_tag-muro-fotografico","17":"product_tag-premium-es","18":"product_tag-publicidad","19":"product_tag-reutilizable","20":"product_tag-senalizacion-digital","21":"product_tag-stands-de-exposicion","22":"product_tag-tejido","23":"product_tag-textil","25":"first","26":"instock","27":"shipping-taxable","28":"product-type-simple"},"_links":{"self":[{"href":"https:\/\/xpressdisplays.com\/es\/wp-json\/wp\/v2\/product\/25193","targetHints":{"allow":["GET"]}}],"collection":[{"href":"https:\/\/xpressdisplays.com\/es\/wp-json\/wp\/v2\/product"}],"about":[{"href":"https:\/\/xpressdisplays.com\/es\/wp-json\/wp\/v2\/types\/product"}],"wp:featuredmedia":[{"embeddable":true,"href":"https:\/\/xpressdisplays.com\/es\/wp-json\/wp\/v2\/media\/21129"}],"wp:attachment":[{"href":"https:\/\/xpressdisplays.com\/es\/wp-json\/wp\/v2\/media?parent=25193"}],"wp:term":[{"taxonomy":"product_brand","embeddable":true,"href":"https:\/\/xpressdisplays.com\/es\/wp-json\/wp\/v2\/product_brand?post=25193"},{"taxonomy":"product_cat","embeddable":true,"href":"https:\/\/xpressdisplays.com\/es\/wp-json\/wp\/v2\/product_cat?post=25193"},{"taxonomy":"product_tag","embeddable":true,"href":"https:\/\/xpressdisplays.com\/es\/wp-json\/wp\/v2\/product_tag?post=25193"}],"curies":[{"name":"wp","href":"https:\/\/api.w.org\/{rel}","templated":true}]}}