{"id":25184,"date":"2023-06-06T15:41:38","date_gmt":"2023-06-06T14:41:38","guid":{"rendered":"https:\/\/xpressdisplays.com\/producto\/texmarco-desplegable\/"},"modified":"2024-07-30T12:28:50","modified_gmt":"2024-07-30T11:28:50","slug":"texmarco-desplegable","status":"publish","type":"product","link":"https:\/\/xpressdisplays.com\/es\/producto\/texmarco-desplegable\/","title":{"rendered":"TexMarco desplegable"},"content":{"rendered":"<p><span style=\"vertical-align: inherit;\"><span style=\"vertical-align: inherit;\"><span style=\"vertical-align: inherit;\"><span style=\"vertical-align: inherit;\"><span style=\"vertical-align: inherit;\"><span style=\"vertical-align: inherit;\"><span style=\"vertical-align: inherit;\"><span style=\"vertical-align: inherit;\">[vc_row type=\u00bbin_container\u00bb full_screen_row_position=\u00bbmiddle\u00bb column_margin=\u00bbdefault\u00bb column_direction=\u00bbdefault\u00bb column_direction_tablet=\u00bbdefault\u00bb column_direction_phone=\u00bbdefault\u00bb scene_position=\u00bbcenter\u00bb text_color=\u00bbdark\u00bb text_align=\u00bbleft\u00bb row_border_radius=\u00bb nenhum\u00bb row_border_radius_applies=\u00bbbg\u00bb overflow=\u00bbvis\u00edvel\u00bb overlay_strength=\u00bb0.3&#8243; gradient_direction=\u00bbleft_to_right\u00bb shape_divider_position=\u00bbbottom\u00bb bg_image_animation=\u00bbnone\u00bb][vc_column column_padding=\u00bbno-extra-padding\u00bb column_padding_tablet=\u00bbinherit\u00bb column_padding_phone=\u00bbinherit\u00bb column_padding_position=\u00bball\u00bb column_element_direction_desktop=\u00bbdefault\u00bb column_element_spacing =\u00bbdefault\u00bb desktop_text_alignment=\u00bbdefault\u00bb tablet_text_alignment=\u00bbdefault\u00bb phone_text_alignment=\u00bbdefault\u00bb background_color_opacity=\u00bb1&#8243; background_hover_color_opacity=\u00bb1&#8243; column_backdrop_filter=\u00bbnone\u00bb column_shadow=\u00bbnone\u00bb column_border_radius=\u00bbnone\u00bb column_link_target=\u00bb_self\u00bb column_position=\u00bbpadr\u00e3o\u00bbgradient_direction=\u00bbleft_to_right\u00bboverlay_strength=\u00bb0.3&#8243; width=\u00bb1\/1&#8243; tablet_width_inherit=\u00bbdefault\u00bb animation_type=\u00bbdefault\u00bb bg_image_animation=\u00bbnone\u00bb border_type=\u00bbsimple\u00bb column_border_width=\u00bbnone\u00bb column_border_style=\u00bbsolid \u00bb ][vc_column_text]<\/span><\/span><\/span><\/span><\/span><\/span><\/span><\/span><\/p>\n<p><strong>Pop-Up TexFrame es un marco de aluminio lacado con tejido el\u00e1stico.<br \/>\nImpresi\u00f3n en sistemas de exposici\u00f3n &#8211; Tambi\u00e9n conocido como mural publicitario, Backwall o Tel\u00f3n de fondo. <\/strong>  La gran ventaja de este producto es que no hay m\u00e1s paneles y toda la pantalla est\u00e1 hecha de tela, que se aplica al marco mediante cosido de silicona en todo su contorno, y luego se coloca en las orientaciones de la estructura acabada.<br \/>\nSe utiliza para stands, congresos, ferias, pero tambi\u00e9n como tel\u00f3n de fondo o muro de patrocinio.<br \/>\nEsta estructura viene con una bolsa como accesorio para que puedas transportarla y guardarla.<\/p>\n","protected":false},"excerpt":{"rendered":"<ul>\n<li>Estructura de tubo de aluminio ligera y f\u00e1cil de montar;<\/li>\n<li>Escritorio XL porque te permite adaptar su tama\u00f1o a tus necesidades conect\u00e1ndolos entre s\u00ed; una soluci\u00f3n modular muy eficaz para cuando tu comunicaci\u00f3n necesite m\u00e1s o menos espacio;<\/li>\n<li>Funda de tejido Print Tex 210 g Todo estampado por sublimaci\u00f3n, con cierre de cremallera en la espalda;<\/li>\n<li>Parte trasera del mostrador no impresa, con cremallera para acceder al estante y guardarlo;<\/li>\n<li>Los estantes superior e interior son de dibond, lo que los hace resistentes para exponer y almacenar productos; F\u00e1ciles de transportar, montar y almacenar;<\/li>\n<li>Bolsa de transporte incluida;<\/li>\n<li>Duradero: actualiza la impresi\u00f3n en el mostrador;<\/li>\n<li>F\u00e1cil de trasladar: cabe en el maletero de un coche;<\/li>\n<li>Uso interno y externo;<\/li>\n<li>Producci\u00f3n propia.<\/li>\n<li>Tiempo medio de producci\u00f3n entre 5 y 8 d\u00edas laborables.<\/li>\n<\/ul>\n<p>[divider line_type=\u00bb\u201cno\u00bb line\u201d custom_height=\u00bb\u201c20\u201d\u00bb]<\/p>\n<p>&nbsp;<\/p>\n<p>&nbsp;<\/p>\n<p><span style=\"vertical-align: inherit;\"><span style=\"vertical-align: inherit;\"><span style=\"vertical-align: inherit;\"><span style=\"vertical-align: inherit;\"><span style=\"vertical-align: inherit;\"><span style=\"vertical-align: inherit;\"><span style=\"vertical-align: inherit;\"><span style=\"vertical-align: inherit;\">[button open_new_tab=\"true\" color=\"accent-color\" hover_text_color_override=\"#fff\" size=\"large\" url=\"https:\/\/xpressdisplays.com\/wp-content\/uploads\/2023\/06\/ENTex_Wave_Counter_XL_2050x1050.pdf\" text=\"Ver plantilla\" color_override=\"<br \/>\n#8dc73f\"]<\/span><\/span><\/span><\/span><\/span><\/span><\/span><\/span><\/p>\n<p>&nbsp;<\/p>\n<p>&nbsp;<\/p>\n<p>&nbsp;<\/p>\n","protected":false},"featured_media":20428,"template":"","meta":[],"product_brand":[],"product_cat":[429],"product_tag":[],"class_list":{"0":"post-25184","1":"product","2":"type-product","3":"status-publish","4":"has-post-thumbnail","6":"product_cat-paredes","8":"first","9":"instock","10":"shipping-taxable","11":"product-type-variable"},"_links":{"self":[{"href":"https:\/\/xpressdisplays.com\/es\/wp-json\/wp\/v2\/product\/25184","targetHints":{"allow":["GET"]}}],"collection":[{"href":"https:\/\/xpressdisplays.com\/es\/wp-json\/wp\/v2\/product"}],"about":[{"href":"https:\/\/xpressdisplays.com\/es\/wp-json\/wp\/v2\/types\/product"}],"wp:featuredmedia":[{"embeddable":true,"href":"https:\/\/xpressdisplays.com\/es\/wp-json\/wp\/v2\/media\/20428"}],"wp:attachment":[{"href":"https:\/\/xpressdisplays.com\/es\/wp-json\/wp\/v2\/media?parent=25184"}],"wp:term":[{"taxonomy":"product_brand","embeddable":true,"href":"https:\/\/xpressdisplays.com\/es\/wp-json\/wp\/v2\/product_brand?post=25184"},{"taxonomy":"product_cat","embeddable":true,"href":"https:\/\/xpressdisplays.com\/es\/wp-json\/wp\/v2\/product_cat?post=25184"},{"taxonomy":"product_tag","embeddable":true,"href":"https:\/\/xpressdisplays.com\/es\/wp-json\/wp\/v2\/product_tag?post=25184"}],"curies":[{"name":"wp","href":"https:\/\/api.w.org\/{rel}","templated":true}]}}