{"id":25172,"date":"2018-06-26T18:27:38","date_gmt":"2018-06-26T17:27:38","guid":{"rendered":"https:\/\/xpressdisplays.com\/producto\/panel-diagonal-tex-wave\/"},"modified":"2024-07-30T12:03:56","modified_gmt":"2024-07-30T11:03:56","slug":"panel-diagonal-tex-wave","status":"publish","type":"product","link":"https:\/\/xpressdisplays.com\/es\/producto\/panel-diagonal-tex-wave\/","title":{"rendered":"Panel Diagonal Tex Wave"},"content":{"rendered":"<h6>  El Panel Diagonal Tex Wave es un expositor publicitario compuesto por una estructura tubular de aluminio con impresi\u00f3n de excelente calidad sobre tela, con un formato \u00fanico e irreverente para que tu imagen y comunicaci\u00f3n no pasen desapercibidas.<br \/>\nEs un expositor con la particularidad de tener la parte superior inclinada, lo que lo diferencia de otros modelos Tex Wave.<br \/>\nPosibilidad de impresi\u00f3n a una sola cara o a doble cara.  <\/p>\n","protected":false},"excerpt":{"rendered":"<ul>\n<li>Estructura tubular de aluminio con bases de apoyo;<\/li>\n<li>Impresi\u00f3n en tejido frametex 201gr por sublimaci\u00f3n, parte trasera en tejido el\u00e1stico negro con cierre de cremallera;<\/li>\n<li>Posibilidad de imprimir por las dos caras;<\/li>\n<li>Bolsa de transporte incluida;<\/li>\n<li>F\u00e1cil de montar, transportar y almacenar;<\/li>\n<li>Se puede equipar con focos;<\/li>\n<li>Uso interior\/exterior;<\/li>\n<li>Producci\u00f3n propia.<\/li>\n<\/ul>\n<p>  Fecha de producci\u00f3n entre 3 y 5 d\u00edas laborables.<\/p>\n","protected":false},"featured_media":2714,"template":"","meta":[],"product_brand":[],"product_cat":[452],"product_tag":[455,430,431,453,435,454,432,433,434,436,437,444,440,441],"class_list":{"0":"post-25172","1":"product","2":"type-product","3":"status-publish","4":"has-post-thumbnail","6":"product_cat-panel-totem-es","7":"product_tag-congreso","8":"product_tag-eventos","9":"product_tag-eventos-publicitarios","10":"product_tag-exclusivo","11":"product_tag-expositores-de-marketing","12":"product_tag-fabricado-en-portugal","13":"product_tag-facil-de-montar","14":"product_tag-ferias","15":"product_tag-ligero","16":"product_tag-premium-es","17":"product_tag-publicidad","18":"product_tag-punto-de-venta","19":"product_tag-reutilizable","20":"product_tag-tejido","22":"first","23":"instock","24":"shipping-taxable","25":"product-type-variable"},"_links":{"self":[{"href":"https:\/\/xpressdisplays.com\/es\/wp-json\/wp\/v2\/product\/25172","targetHints":{"allow":["GET"]}}],"collection":[{"href":"https:\/\/xpressdisplays.com\/es\/wp-json\/wp\/v2\/product"}],"about":[{"href":"https:\/\/xpressdisplays.com\/es\/wp-json\/wp\/v2\/types\/product"}],"wp:featuredmedia":[{"embeddable":true,"href":"https:\/\/xpressdisplays.com\/es\/wp-json\/wp\/v2\/media\/2714"}],"wp:attachment":[{"href":"https:\/\/xpressdisplays.com\/es\/wp-json\/wp\/v2\/media?parent=25172"}],"wp:term":[{"taxonomy":"product_brand","embeddable":true,"href":"https:\/\/xpressdisplays.com\/es\/wp-json\/wp\/v2\/product_brand?post=25172"},{"taxonomy":"product_cat","embeddable":true,"href":"https:\/\/xpressdisplays.com\/es\/wp-json\/wp\/v2\/product_cat?post=25172"},{"taxonomy":"product_tag","embeddable":true,"href":"https:\/\/xpressdisplays.com\/es\/wp-json\/wp\/v2\/product_tag?post=25172"}],"curies":[{"name":"wp","href":"https:\/\/api.w.org\/{rel}","templated":true}]}}