{"id":25119,"date":"2018-07-25T11:46:30","date_gmt":"2018-07-25T10:46:30","guid":{"rendered":"https:\/\/xpressdisplays.com\/producto\/mostrador-rectangular-tex-wave\/"},"modified":"2024-07-30T12:03:41","modified_gmt":"2024-07-30T11:03:41","slug":"mostrador-rectangular-tex-wave","status":"publish","type":"product","link":"https:\/\/xpressdisplays.com\/es\/producto\/mostrador-rectangular-tex-wave\/","title":{"rendered":"Mostrador Rectangular Tex Wave"},"content":{"rendered":"<p>&nbsp;<\/p>\n<p><strong>Personaliza tu Mostrador promocional rectangular<\/strong> TexWave Mostrador promocional rectangular TexWave El marco ligero y resistente, totalmente impreso en tejido Print Tex All de 210 g que est\u00e1 dise\u00f1ado para encajar perfectamente en el marco mediante una tira de silicona, proporcionando un acabado eficaz.<br \/>\nPara que tu mostrador promocional sea m\u00e1s vers\u00e1til, incluye en su interior un estante con cremallera de acceso en la parte trasera del mostrador.<br \/>\nLos mostradores promocionales son ideales para stands de ferias, eventos y exposiciones, promotores, ferias, supermercados, tiendas, puntos de venta, stands, y entre otros.<br \/>\nEs un expositor publicitario port\u00e1til, f\u00e1cil y r\u00e1pido de montar.   <\/p>\n","protected":false},"excerpt":{"rendered":"<ul>\n<li>Estructura compuesta por base y tablero de madera (MDF), tubos de aluminio;<\/li>\n<li>Tejido Print Tex All de 210 g con banda de silicona de 12 mm;<\/li>\n<li>Bolsa de transporte incluida;<\/li>\n<li>Con estante interior y cierre trasero de cremallera;<\/li>\n<li>F\u00e1cil de transportar, montar y almacenar;<\/li>\n<li>No se necesitan herramientas;<\/li>\n<li>Duradero: basta con actualizar la impresi\u00f3n trasera; F\u00e1cil de trasladar: cabe en el maletero del coche;<\/li>\n<li>Uso interno;<\/li>\n<li>Producci\u00f3n propia.<\/li>\n<li>Tiempo de producci\u00f3n entre 5 y 8 d\u00edas laborables.<\/li>\n<\/ul>\n<p>&nbsp;<\/p>\n<p><span style=\"vertical-align: inherit;\"><span style=\"vertical-align: inherit;\">[button open_new_tab=\"true\" color=\"accent-color\" hover_text_color_override=\"#fff\" size=\"large\" url=\"https:\/\/xpressdisplays.com\/wp-content\/uploads\/2023\/06\/ENPromoTex-Wave_Counter_Rectangular_costura- atras_2310x1150.pdf\" text=\"Visualizar modelo\" color_override=\"#8dc73f\"]<\/span><\/span><\/p>\n<p>&nbsp;<\/p>\n","protected":false},"featured_media":20315,"template":"","meta":[],"product_brand":[],"product_cat":[447],"product_tag":[448,430,449,450],"class_list":{"0":"post-25119","1":"product","2":"type-product","3":"status-publish","4":"has-post-thumbnail","6":"product_cat-contador","7":"product_tag-contador","8":"product_tag-eventos","9":"product_tag-feria-de-muestras","10":"product_tag-tpv","12":"first","13":"instock","14":"shipping-taxable","15":"product-type-variable"},"_links":{"self":[{"href":"https:\/\/xpressdisplays.com\/es\/wp-json\/wp\/v2\/product\/25119","targetHints":{"allow":["GET"]}}],"collection":[{"href":"https:\/\/xpressdisplays.com\/es\/wp-json\/wp\/v2\/product"}],"about":[{"href":"https:\/\/xpressdisplays.com\/es\/wp-json\/wp\/v2\/types\/product"}],"wp:featuredmedia":[{"embeddable":true,"href":"https:\/\/xpressdisplays.com\/es\/wp-json\/wp\/v2\/media\/20315"}],"wp:attachment":[{"href":"https:\/\/xpressdisplays.com\/es\/wp-json\/wp\/v2\/media?parent=25119"}],"wp:term":[{"taxonomy":"product_brand","embeddable":true,"href":"https:\/\/xpressdisplays.com\/es\/wp-json\/wp\/v2\/product_brand?post=25119"},{"taxonomy":"product_cat","embeddable":true,"href":"https:\/\/xpressdisplays.com\/es\/wp-json\/wp\/v2\/product_cat?post=25119"},{"taxonomy":"product_tag","embeddable":true,"href":"https:\/\/xpressdisplays.com\/es\/wp-json\/wp\/v2\/product_tag?post=25119"}],"curies":[{"name":"wp","href":"https:\/\/api.w.org\/{rel}","templated":true}]}}