{"id":25109,"date":"2023-05-22T16:36:07","date_gmt":"2023-05-22T15:36:07","guid":{"rendered":"https:\/\/xpressdisplays.com\/producto\/pared-curva-tex-wave\/"},"modified":"2024-07-30T12:03:40","modified_gmt":"2024-07-30T11:03:40","slug":"pared-curva-tex-wave","status":"publish","type":"product","link":"https:\/\/xpressdisplays.com\/es\/producto\/pared-curva-tex-wave\/","title":{"rendered":"Pared curva Tex Wave"},"content":{"rendered":"<p><strong>La Pared Curva Tex Wave forma parte del sistema Tex Wave, que revolucion\u00f3 el mercado de los Pop Ups.<\/strong>  La estructura tubular de aluminio es compacta y ligera, por lo que se adapta a las situaciones m\u00e1s diversas como expositor publicitario.<br \/>\nLa Pared Curvada Tex Wave te permite personalizar y decorar tus espacios, dinamizando tu comunicaci\u00f3n.<br \/>\nIdeal para oficinas, sedes, congresos, eventos publicitarios o stands de exposiciones, pero tambi\u00e9n en entornos m\u00e1s relajados, como presentaciones de libros, nuevas colecciones, entre otros.<br \/>\nViene con una funda de nylon que facilita su transporte y almacenamiento, y tiene como accesorios opcionales focos que mejoran la visibilidad de tu Tex Wave, haci\u00e9ndola m\u00e1s visible y elegante.   <\/p>\n","protected":false},"excerpt":{"rendered":"<ul>\n<li>Bastidor tubular de aluminio;<\/li>\n<li>Impresi\u00f3n por sublimaci\u00f3n sobre tejido Print Tex All 210gr, con parte trasera de tejido el\u00e1stico negro, cierre de cremallera;<\/li>\n<li>Posibilidad de impresi\u00f3n a doble cara (recomendamos utilizar una cubierta de bloqueo);<\/li>\n<li>Posibilidad de acoplar un foco;<\/li>\n<li>Bolsa de transporte incluida;<\/li>\n<li>F\u00e1cil de montar y transportar;<\/li>\n<li>Tejido con certificado ign\u00edfugo FR &#8211; B1;<\/li>\n<li>Uso interno.<\/li>\n<\/ul>\n<p><strong>Tiempo medio de producci\u00f3n 5 d\u00edas laborables.<\/strong><\/p>\n<p><span style=\"vertical-align: inherit;\"><span style=\"vertical-align: inherit;\">[button open_new_tab=\"true\" color=\"accent-color\" hover_text_color_override=\"#fff\" size=\"large\" url=\"COLOCAR AQUI O URL DO TEMPLATE que carregou para o separador MEDIA\" text=\"Ver plantilla\" color_override=\"<br \/>\n#8dc73f\"]<\/span><\/span><\/p>\n<p>&nbsp;<\/p>\n","protected":false},"featured_media":2614,"template":"","meta":[],"product_brand":[],"product_cat":[429],"product_tag":[438,439,443,430,431,435,432,433,434,436,437,444,440,441,442],"class_list":{"0":"post-25109","1":"product","2":"type-product","3":"status-publish","4":"has-post-thumbnail","6":"product_cat-paredes","7":"product_tag-comunicacion-interior","8":"product_tag-congresos","9":"product_tag-doble-cara","10":"product_tag-eventos","11":"product_tag-eventos-publicitarios","12":"product_tag-expositores-de-marketing","13":"product_tag-facil-de-montar","14":"product_tag-ferias","15":"product_tag-ligero","16":"product_tag-premium-es","17":"product_tag-publicidad","18":"product_tag-punto-de-venta","19":"product_tag-reutilizable","20":"product_tag-tejido","21":"product_tag-textil","23":"first","24":"instock","25":"shipping-taxable","26":"product-type-variable"},"_links":{"self":[{"href":"https:\/\/xpressdisplays.com\/es\/wp-json\/wp\/v2\/product\/25109","targetHints":{"allow":["GET"]}}],"collection":[{"href":"https:\/\/xpressdisplays.com\/es\/wp-json\/wp\/v2\/product"}],"about":[{"href":"https:\/\/xpressdisplays.com\/es\/wp-json\/wp\/v2\/types\/product"}],"wp:featuredmedia":[{"embeddable":true,"href":"https:\/\/xpressdisplays.com\/es\/wp-json\/wp\/v2\/media\/2614"}],"wp:attachment":[{"href":"https:\/\/xpressdisplays.com\/es\/wp-json\/wp\/v2\/media?parent=25109"}],"wp:term":[{"taxonomy":"product_brand","embeddable":true,"href":"https:\/\/xpressdisplays.com\/es\/wp-json\/wp\/v2\/product_brand?post=25109"},{"taxonomy":"product_cat","embeddable":true,"href":"https:\/\/xpressdisplays.com\/es\/wp-json\/wp\/v2\/product_cat?post=25109"},{"taxonomy":"product_tag","embeddable":true,"href":"https:\/\/xpressdisplays.com\/es\/wp-json\/wp\/v2\/product_tag?post=25109"}],"curies":[{"name":"wp","href":"https:\/\/api.w.org\/{rel}","templated":true}]}}