{"id":25098,"date":"2018-07-24T17:06:09","date_gmt":"2018-07-24T16:06:09","guid":{"rendered":"https:\/\/xpressdisplays.com\/producto\/tex-wave-esse-pared\/"},"modified":"2024-07-30T12:03:37","modified_gmt":"2024-07-30T11:03:37","slug":"tex-wave-esse-pared","status":"publish","type":"product","link":"https:\/\/xpressdisplays.com\/es\/producto\/tex-wave-esse-pared\/","title":{"rendered":"Tex Wave Esse Pared"},"content":{"rendered":"<p><strong>Tex Wave Esse Wall es una estructura tubular de aluminio compacta y ligera, que se adapta a las situaciones m\u00e1s diversas como expositor publicitario, pertenece a la familia Tex Wave en expositores de marketing.<\/strong>  Tex Wave Esse Wall te permite personalizar y decorar tus espacios, haciendo que tu comunicaci\u00f3n sea m\u00e1s din\u00e1mica y \u00fanica.<br \/>\nAdem\u00e1s de la impresi\u00f3n frontal de este expositor, tambi\u00e9n puedes optar por la impresi\u00f3n a doble cara, que aporta un mayor dinamismo a la marca.<br \/>\nSu forma de \u00abs\u00bb confiere dinamismo a la estructura y la convierte en el centro de atenci\u00f3n all\u00ed donde la coloques.<br \/>\nIdeal para oficinas, sedes, congresos, eventos publicitarios, stands de ferias, escaparates, sesiones fotogr\u00e1ficas, flashes-entrevistas, entre otros.<br \/>\nSe suministra con una bolsa de nailon para facilitar su transporte y almacenamiento.<br \/>\nLos accesorios opcionales incluyen focos para mejorar la visibilidad de tu tex wave, haci\u00e9ndolo m\u00e1s visible y elegante.<br \/>\nLa impresi\u00f3n del tex wave es de excelente calidad, por lo que la visibilidad y la percepci\u00f3n de la comunicaci\u00f3n presentada ser\u00e1n las mejores del mercado.      <\/p>\n","protected":false},"excerpt":{"rendered":"<ul>\n<li>Armaz\u00f3n tubular de aluminio;<\/li>\n<li>Impresi\u00f3n por sublimaci\u00f3n en tejido Print Tex All 210gr, espalda de tejido el\u00e1stico negro, con cierre de cremallera;<\/li>\n<li>Posibilidad de imprimir por las dos caras (aconsejamos utilizar tapa de bloqueo);<\/li>\n<li>Posibilidad de colocar un foco;<\/li>\n<li>Bolsa de transporte incluida;<\/li>\n<li>F\u00e1cil de montar, transportar y almacenar;<\/li>\n<li>Tejido con certificaci\u00f3n ign\u00edfuga FR &#8211; B1;<\/li>\n<li>Uso en interiores.<\/li>\n<\/ul>\n<p><strong>Tiempo medio de producci\u00f3n 5 d\u00edas laborables.<\/strong><\/p>\n<p>[divider line_type=\u00bbno-line\u00bb custom_height=\u00bb20&#8243;]<\/p>\n[button open_new_tab=\"true\" color=\"accent-color\" hover_text_color_override=\"#fff\" size=\"large\" url=\"COLOCAR AQUI O URL DO TEMPLATE que carregou para o separador MEDIA\" text=\"Ver plantilla\" color_override=\"#8dc73f\"]\n<p>&nbsp;<\/p>\n<p>[divider line_type=\u00bbno-line\u00bb custom_height=\u00bb20&#8243;]<\/p>\n","protected":false},"featured_media":19726,"template":"","meta":[],"product_brand":[],"product_cat":[429],"product_tag":[],"class_list":{"0":"post-25098","1":"product","2":"type-product","3":"status-publish","4":"has-post-thumbnail","6":"product_cat-paredes","8":"first","9":"instock","10":"shipping-taxable","11":"product-type-variable"},"_links":{"self":[{"href":"https:\/\/xpressdisplays.com\/es\/wp-json\/wp\/v2\/product\/25098","targetHints":{"allow":["GET"]}}],"collection":[{"href":"https:\/\/xpressdisplays.com\/es\/wp-json\/wp\/v2\/product"}],"about":[{"href":"https:\/\/xpressdisplays.com\/es\/wp-json\/wp\/v2\/types\/product"}],"wp:featuredmedia":[{"embeddable":true,"href":"https:\/\/xpressdisplays.com\/es\/wp-json\/wp\/v2\/media\/19726"}],"wp:attachment":[{"href":"https:\/\/xpressdisplays.com\/es\/wp-json\/wp\/v2\/media?parent=25098"}],"wp:term":[{"taxonomy":"product_brand","embeddable":true,"href":"https:\/\/xpressdisplays.com\/es\/wp-json\/wp\/v2\/product_brand?post=25098"},{"taxonomy":"product_cat","embeddable":true,"href":"https:\/\/xpressdisplays.com\/es\/wp-json\/wp\/v2\/product_cat?post=25098"},{"taxonomy":"product_tag","embeddable":true,"href":"https:\/\/xpressdisplays.com\/es\/wp-json\/wp\/v2\/product_tag?post=25098"}],"curies":[{"name":"wp","href":"https:\/\/api.w.org\/{rel}","templated":true}]}}