{"id":20005,"date":"2023-05-22T20:22:21","date_gmt":"2023-05-22T18:22:21","guid":{"rendered":"https:\/\/xpressdisplays.com\/?post_type=product&#038;p=20005"},"modified":"2024-07-29T18:14:56","modified_gmt":"2024-07-29T17:14:56","slug":"tex-wave-literature-holder-totem","status":"publish","type":"product","link":"https:\/\/xpressdisplays.com\/en\/producto\/tex-wave-literature-holder-totem\/","title":{"rendered":"Tex Wave Literature Holder Totem"},"content":{"rendered":"<p><strong><span style=\"vertical-align: inherit;\"><span style=\"vertical-align: inherit;\">O Porta Literatura Tex Wave Totem \u00e9 um expositor de comunica\u00e7\u00e3o constitu\u00eddo por uma estrutura de alum\u00ednio com impress\u00e3o em sublima\u00e7\u00e3o t\u00eaxtil, pelo que a mudan\u00e7a da impress\u00e3o \u00e9 f\u00e1cil e r\u00e1pida.<\/span><\/span><\/strong><\/p>\n<p><span style=\"vertical-align: inherit;\"><span style=\"vertical-align: inherit;\">Voc\u00ea pode utilizar o Porta Literatura Tex Wave Totem em feiras, estandes, congressos, lojas e qualquer outro tipo de evento.<\/span><\/span><\/p>\n<p><span style=\"vertical-align: inherit;\"><span style=\"vertical-align: inherit;\">O sistema simplificado de montagem permite a r\u00e1pida substitui\u00e7\u00e3o da tela no expositor tubular. <\/span><span style=\"vertical-align: inherit;\">Se voc\u00ea j\u00e1 tem a moldura, basta encomendar o tecido. <\/span><span style=\"vertical-align: inherit;\">Os tecidos s\u00e3o lav\u00e1veis.<\/span><\/span><\/p>\n","protected":false},"excerpt":{"rendered":"<ul>\n<li>Available in 180cm height and 50cm width;<\/li>\n<li>2 PVC pockets for leaflets;<\/li>\n<li>Printed on 180gr polyester fabric by sublimation, back in black elastic fabric and zipper closure;<\/li>\n<li>Transport bag included;<\/li>\n<li>Easy to assemble, transport and store;<\/li>\n<li>For indoor use;<\/li>\n<li>Average production time 5 working days.<\/li>\n<\/ul>\n","protected":false},"featured_media":19759,"template":"","meta":[],"product_brand":[],"product_cat":[180],"product_tag":[334,322,343,344,347,158,346,351,329,342,330,348,331,362,333,341,350,345,349,352,353],"class_list":{"0":"post-20005","1":"product","2":"type-product","3":"status-publish","4":"has-post-thumbnail","6":"product_cat-panel-totem","7":"product_tag-advertising","8":"product_tag-advertising-events","9":"product_tag-congresses","10":"product_tag-digital-signage","11":"product_tag-easy-to-assemble","12":"product_tag-events","13":"product_tag-exclusive","14":"product_tag-fabric","15":"product_tag-fairs","16":"product_tag-indoor-communication","17":"product_tag-lightweight","18":"product_tag-made-in-portugal","19":"product_tag-marketing-displays","20":"product_tag-point-of-sale","21":"product_tag-premium","22":"product_tag-presentations","23":"product_tag-reusable","24":"product_tag-screen","25":"product_tag-storefronts","26":"product_tag-textile","27":"product_tag-textiles","29":"first","30":"instock","31":"shipping-taxable","32":"product-type-variable"},"_links":{"self":[{"href":"https:\/\/xpressdisplays.com\/en\/wp-json\/wp\/v2\/product\/20005","targetHints":{"allow":["GET"]}}],"collection":[{"href":"https:\/\/xpressdisplays.com\/en\/wp-json\/wp\/v2\/product"}],"about":[{"href":"https:\/\/xpressdisplays.com\/en\/wp-json\/wp\/v2\/types\/product"}],"wp:featuredmedia":[{"embeddable":true,"href":"https:\/\/xpressdisplays.com\/en\/wp-json\/wp\/v2\/media\/19759"}],"wp:attachment":[{"href":"https:\/\/xpressdisplays.com\/en\/wp-json\/wp\/v2\/media?parent=20005"}],"wp:term":[{"taxonomy":"product_brand","embeddable":true,"href":"https:\/\/xpressdisplays.com\/en\/wp-json\/wp\/v2\/product_brand?post=20005"},{"taxonomy":"product_cat","embeddable":true,"href":"https:\/\/xpressdisplays.com\/en\/wp-json\/wp\/v2\/product_cat?post=20005"},{"taxonomy":"product_tag","embeddable":true,"href":"https:\/\/xpressdisplays.com\/en\/wp-json\/wp\/v2\/product_tag?post=20005"}],"curies":[{"name":"wp","href":"https:\/\/api.w.org\/{rel}","templated":true}]}}